{"id":6060,"date":"2024-04-26T20:30:29","date_gmt":"2024-04-26T20:30:29","guid":{"rendered":"https:\/\/linkitup.pro\/?page_id=279"},"modified":"2024-04-26T20:30:29","modified_gmt":"2024-04-26T20:30:29","slug":"about-us","status":"publish","type":"page","link":"https:\/\/seobuchen.com\/en\/about-us\/","title":{"rendered":"About Us"},"content":{"rendered":"<style>.elementor-6060 .elementor-element.elementor-element-fb6f664{--display:flex;}.elementor-6060 .elementor-element.elementor-element-23c0bb0{--spacer-size:50px;}.elementor-6060 .elementor-element.elementor-element-0220b25{text-align:center;}.elementor-6060 .elementor-element.elementor-element-0220b25 .elementor-heading-title{font-family:\"Rubik\", Sans-serif;font-weight:600;}<\/style>\t\t<div data-elementor-type=\"wp-page\" data-elementor-id=\"6060\" class=\"elementor elementor-6060\" data-elementor-post-type=\"page\">\n\t\t\t\t<div class=\"elementor-element elementor-element-fb6f664 e-flex e-con-boxed e-con e-parent\" data-id=\"fb6f664\" data-element_type=\"container\" data-e-type=\"container\">\n\t\t\t\t\t<div class=\"e-con-inner\">\n\t\t\t\t<div class=\"elementor-element elementor-element-25d51b2 elementor-widget elementor-widget-text-editor\" data-id=\"25d51b2\" data-element_type=\"widget\" data-e-type=\"widget\" data-widget_type=\"text-editor.default\">\n\t\t\t\t\t\t\t\t\t<p>LinkITUp is your agency for high-performance SEO optimization and digital strategies \u2013 for companies in every industry. Our goal: We bring our clients to the top of Google search results with tailored SEO solutions and ensure they stay there. Whether e-commerce, services, local businesses, or specialized niches \u2013 we develop strategies precisely tailored to your industry.<\/p><p>With a data-driven approach and modern tools, we ensure the long-term growth of your website. LinkITUp covers all aspects of SEO strategy, from keyword research and technical optimization to effective content planning.<\/p><p><strong>Our values<\/strong><\/p><p>LinkITUp stands for transparency, collaboration, and measurable results. We firmly believe that long-term success in SEO can only be achieved through open communication and continuous optimization. Our team is committed to ensuring that every measure creates tangible added value and sustainably strengthens your online presence.<\/p><p><strong>What makes us special<\/strong><\/p><p>Our customers benefit not only from our technical expertise, but also from our flexibility in offering solutions for every type and size of business. LinkITUp combines market understanding, modern technologies, and customized strategies \u2013 for results that matter.<\/p><p>Discover what LinkITUp can do for you and your online presence!<\/p>\t\t\t\t\t\t\t\t<\/div>\n\t\t\t\t<div class=\"elementor-element elementor-element-23c0bb0 elementor-widget elementor-widget-spacer\" data-id=\"23c0bb0\" data-element_type=\"widget\" data-e-type=\"widget\" data-widget_type=\"spacer.default\">\n\t\t\t\t\t\t\t<div class=\"elementor-spacer\">\n\t\t\t<div class=\"elementor-spacer-inner\"><\/div>\n\t\t<\/div>\n\t\t\t\t\t\t<\/div>\n\t\t\t\t<div class=\"elementor-element elementor-element-0220b25 elementor-widget elementor-widget-heading\" data-id=\"0220b25\" data-element_type=\"widget\" data-e-type=\"widget\" data-widget_type=\"heading.default\">\n\t\t\t\t\t<h2 class=\"elementor-heading-title elementor-size-default\">Our customers<\/h2>\t\t\t\t<\/div>\n\t\t\t\t\t<\/div>\n\t\t\t\t<\/div>\n\t\t\t\t<\/div>","protected":false},"excerpt":{"rendered":"<p>LinkITUp ist Ihre Agentur f\u00fcr leistungsstarke SEO-Optimierung und digitale Strategien \u2013 f\u00fcr Unternehmen aus jeder Branche. Unser Ziel: Wir bringen unsere Kunden durch ma\u00dfgeschneiderte SEO-L\u00f6sungen ganz nach vorne in den Google-Suchergebnissen und sorgen daf\u00fcr, dass sie dort bleiben. Egal ob E-Commerce, Dienstleistungen, lokale Anbieter oder spezialisierte Nischen \u2013 wir entwickeln Strategien, die genau auf Ihre [&hellip;]<\/p>\n","protected":false},"author":1,"featured_media":0,"parent":0,"menu_order":0,"comment_status":"closed","ping_status":"closed","template":"","meta":{"footnotes":""},"class_list":["post-6060","page","type-page","status-publish","hentry"],"_links":{"self":[{"href":"https:\/\/seobuchen.com\/en\/wp-json\/wp\/v2\/pages\/6060","targetHints":{"allow":["GET"]}}],"collection":[{"href":"https:\/\/seobuchen.com\/en\/wp-json\/wp\/v2\/pages"}],"about":[{"href":"https:\/\/seobuchen.com\/en\/wp-json\/wp\/v2\/types\/page"}],"author":[{"embeddable":true,"href":"https:\/\/seobuchen.com\/en\/wp-json\/wp\/v2\/users\/1"}],"replies":[{"embeddable":true,"href":"https:\/\/seobuchen.com\/en\/wp-json\/wp\/v2\/comments?post=6060"}],"version-history":[{"count":0,"href":"https:\/\/seobuchen.com\/en\/wp-json\/wp\/v2\/pages\/6060\/revisions"}],"wp:attachment":[{"href":"https:\/\/seobuchen.com\/en\/wp-json\/wp\/v2\/media?parent=6060"}],"curies":[{"name":"wp","href":"https:\/\/api.w.org\/{rel}","templated":true}]}}