{"id":2216,"date":"2025-02-25T16:57:24","date_gmt":"2025-02-25T16:57:24","guid":{"rendered":"https:\/\/seobuchenbylinki-z383jovj20.live-website.com\/?page_id=2216"},"modified":"2025-02-25T16:57:24","modified_gmt":"2025-02-25T16:57:24","slug":"agenzia-seo-francoforte","status":"publish","type":"page","link":"https:\/\/seobuchen.com\/it\/agenzia-seo-francoforte\/","title":{"rendered":"Agenzia SEO Francoforte"},"content":{"rendered":"<style>.elementor-2216 .elementor-element.elementor-element-c97376c{--display:flex;--flex-direction:column;--container-widget-width:100%;--container-widget-height:initial;--container-widget-flex-grow:0;--container-widget-align-self:initial;--flex-wrap-mobile:wrap;}.elementor-2216 .elementor-element.elementor-element-967be04{text-align:center;}.elementor-2216 .elementor-element.elementor-element-babe679{--spacer-size:50px;}.elementor-2216 .elementor-element.elementor-element-ee1b355{--display:grid;--e-con-grid-template-columns:repeat(2, 1fr);--e-con-grid-template-rows:repeat(1, 1fr);--grid-auto-flow:row;--justify-items:center;--align-items:center;}.elementor-2216 .elementor-element.elementor-element-ee1b355.e-con{--align-self:center;}.elementor-2216 .elementor-element.elementor-element-3197c1f .elementor-button-content-wrapper{flex-direction:row-reverse;}.elementor-2216 .elementor-element.elementor-element-3197c1f .elementor-button .elementor-button-content-wrapper{gap:8px;}.elementor-2216 .elementor-element.elementor-element-3197c1f .elementor-button{font-size:18px;box-shadow:0px 0px 15px 0px rgba(255, 94, 0, 0.4);border-style:solid;border-width:3px 3px 3px 3px;border-radius:10px 10px 10px 10px;}.elementor-2216 .elementor-element.elementor-element-3197c1f{width:var( --container-widget-width, 100% );max-width:100%;--container-widget-width:100%;--container-widget-flex-grow:0;}.elementor-2216 .elementor-element.elementor-element-3197c1f.elementor-element{--order:-99999 \/* order start hack *\/;}.elementor-2216 .elementor-element.elementor-element-a15386f .elementor-button-content-wrapper{flex-direction:row-reverse;}.elementor-2216 .elementor-element.elementor-element-a15386f .elementor-button .elementor-button-content-wrapper{gap:8px;}.elementor-2216 .elementor-element.elementor-element-a15386f .elementor-button{font-size:18px;box-shadow:0px 0px 15px 0px rgba(255, 94, 0, 0.4);border-style:solid;border-width:3px 3px 3px 3px;border-radius:10px 10px 10px 10px;}.elementor-2216 .elementor-element.elementor-element-a15386f{width:var( --container-widget-width, 100% );max-width:100%;--container-widget-width:100%;--container-widget-flex-grow:0;}.elementor-2216 .elementor-element.elementor-element-a15386f.elementor-element{--order:-99999 \/* order start hack *\/;}.elementor-2216 .elementor-element.elementor-element-89a7dc6{--display:flex;--flex-direction:column;--container-widget-width:100%;--container-widget-height:initial;--container-widget-flex-grow:0;--container-widget-align-self:initial;--flex-wrap-mobile:wrap;}.elementor-2216 .elementor-element.elementor-element-1ff4e0e .elementor-button-content-wrapper{flex-direction:row-reverse;}.elementor-2216 .elementor-element.elementor-element-1ff4e0e .elementor-button .elementor-button-content-wrapper{gap:8px;}.elementor-2216 .elementor-element.elementor-element-1ff4e0e .elementor-button{font-size:18px;box-shadow:0px 0px 15px 0px rgba(255, 94, 0, 0.4);border-style:solid;border-width:3px 3px 3px 3px;border-radius:10px 10px 10px 10px;}.elementor-2216 .elementor-element.elementor-element-1ff4e0e{width:auto;max-width:auto;}.elementor-2216 .elementor-element.elementor-element-1ff4e0e.elementor-element{--order:-99999 \/* order start hack *\/;--flex-grow:0;--flex-shrink:0;}@media(max-width:1024px){.elementor-2216 .elementor-element.elementor-element-ee1b355{--grid-auto-flow:row;}}@media(max-width:767px){.elementor-2216 .elementor-element.elementor-element-ee1b355{--e-con-grid-template-columns:repeat(1, 1fr);--grid-auto-flow:row;}.elementor-2216 .elementor-element.elementor-element-3197c1f .elementor-button{font-size:14px;}.elementor-2216 .elementor-element.elementor-element-3197c1f{--container-widget-width:100%;--container-widget-flex-grow:0;width:var( --container-widget-width, 100% );max-width:100%;}.elementor-2216 .elementor-element.elementor-element-a15386f .elementor-button{font-size:14px;}.elementor-2216 .elementor-element.elementor-element-a15386f{--container-widget-width:100%;--container-widget-flex-grow:0;width:var( --container-widget-width, 100% );max-width:100%;}.elementor-2216 .elementor-element.elementor-element-1ff4e0e .elementor-button{font-size:14px;}}<\/style>\t\t<div data-elementor-type=\"wp-page\" data-elementor-id=\"2216\" class=\"elementor elementor-2216\" data-elementor-post-type=\"page\">\n\t\t\t\t<div class=\"elementor-element elementor-element-c97376c e-flex e-con-boxed e-con e-parent\" data-id=\"c97376c\" data-element_type=\"container\" data-e-type=\"container\">\n\t\t\t\t\t<div class=\"e-con-inner\">\n\t\t\t\t<div class=\"elementor-element elementor-element-967be04 elementor-widget elementor-widget-heading\" data-id=\"967be04\" data-element_type=\"widget\" data-e-type=\"widget\" data-widget_type=\"heading.default\">\n\t\t\t\t\t<h1 class=\"elementor-heading-title elementor-size-default\">Backlink building a Francoforte: un fattore chiave per un posizionamento migliore su Google e un&#039;ottimizzazione efficace sui motori di ricerca (SEO)<\/h1>\t\t\t\t<\/div>\n\t\t\t\t<div class=\"elementor-element elementor-element-9489371 elementor-widget elementor-widget-image\" data-id=\"9489371\" data-element_type=\"widget\" data-e-type=\"widget\" data-widget_type=\"image.default\">\n\t\t\t\t\t\t\t\t\t\t\t\t\t\t\t<img fetchpriority=\"high\" decoding=\"async\" width=\"300\" height=\"300\" src=\"https:\/\/seobuchen.com\/wp-content\/uploads\/2025\/03\/Black-Beige-Bold-Framed-Typography-Planet-Brand-Business-Logo-1-300x300.png\" class=\"attachment-medium size-medium wp-image-2943\" alt=\"Agenzia SEO Francoforte LinkITUp - Prenotazione SEO\" srcset=\"https:\/\/seobuchen.com\/wp-content\/uploads\/2025\/03\/Black-Beige-Bold-Framed-Typography-Planet-Brand-Business-Logo-1-300x300.png 300w, https:\/\/seobuchen.com\/wp-content\/uploads\/2025\/03\/Black-Beige-Bold-Framed-Typography-Planet-Brand-Business-Logo-1-1024x1024.png 1024w, https:\/\/seobuchen.com\/wp-content\/uploads\/2025\/03\/Black-Beige-Bold-Framed-Typography-Planet-Brand-Business-Logo-1-150x150.png 150w, https:\/\/seobuchen.com\/wp-content\/uploads\/2025\/03\/Black-Beige-Bold-Framed-Typography-Planet-Brand-Business-Logo-1-768x768.png 768w, https:\/\/seobuchen.com\/wp-content\/uploads\/2025\/03\/Black-Beige-Bold-Framed-Typography-Planet-Brand-Business-Logo-1-1536x1536.png 1536w, https:\/\/seobuchen.com\/wp-content\/uploads\/2025\/03\/Black-Beige-Bold-Framed-Typography-Planet-Brand-Business-Logo-1-12x12.png 12w, https:\/\/seobuchen.com\/wp-content\/uploads\/2025\/03\/Black-Beige-Bold-Framed-Typography-Planet-Brand-Business-Logo-1.png 1563w\" sizes=\"(max-width: 300px) 100vw, 300px\" \/>\t\t\t\t\t\t\t\t\t\t\t\t\t\t\t<\/div>\n\t\t\t\t<div class=\"elementor-element elementor-element-7a0e992 elementor-widget elementor-widget-text-editor\" data-id=\"7a0e992\" data-element_type=\"widget\" data-e-type=\"widget\" data-widget_type=\"text-editor.default\">\n\t\t\t\t\t\t\t\t\t<p>La struttura di <a href=\"https:\/\/seobuchen.com\/it\/cosa-sono-i-backlink-2\/\">Backlink<\/a> La SEO gioca un ruolo centrale quando si tratta di migliorare il posizionamento su Google e ottimizzare il tuo sito web. Soprattutto in una citt\u00e0 come Francoforte, dove la concorrenza per la presenza online \u00e8 in costante aumento, una strategia SEO ben ponderata \u00e8 fondamentale. In questo articolo, scoprirai perch\u00e9 la creazione di backlink \u00e8 importante, come funziona e quali altre misure di ottimizzazione per i motori di ricerca (SEO) possono aiutarti a migliorare il tuo posizionamento su Google.<\/p><p><strong>Cos&#039;\u00e8 il backlink building e perch\u00e9 \u00e8 cos\u00ec importante?<\/strong><\/p><p>Un backlink \u00e8 un collegamento da un sito web esterno al tuo sito. Dal punto di vista dei motori di ricerca come Google, i backlink rappresentano una forma di fiducia. Pi\u00f9 backlink di alta qualit\u00e0 ha il tuo sito web, pi\u00f9 viene considerato affidabile e pertinente. Questo migliora il tuo posizionamento nei risultati di ricerca di Google.<\/p><p>A Francoforte e nella regione circostante, la creazione di backlink pu\u00f2 aiutare il tuo sito web ad attrarre pi\u00f9 visitatori locali. Questo \u00e8 particolarmente vantaggioso per le aziende locali che offrono i loro prodotti o servizi direttamente nella regione.<\/p><p><strong>Qualit\u00e0 prima della quantit\u00e0: la giusta strategia di backlink<\/strong><\/p><p>Quando si creano backlink, \u00e8 fondamentale concentrarsi sulla qualit\u00e0. Non tutti i link sono preziosi. Anzi, link di bassa qualit\u00e0 o provenienti da siti web poco affidabili possono persino influire negativamente sul posizionamento su Google.<\/p><p>Ecco alcune strategie comprovate per creare backlink di alta qualit\u00e0:<\/p><ol><li><strong>Contributi degli ospiti:<\/strong> Scrivi articoli per blog o riviste del tuo settore. Inserisci link al tuo sito web in questi articoli per generare traffico di alta qualit\u00e0.<\/li><li><strong>Partnership:<\/strong> Collaborare con le aziende o le organizzazioni locali di Francoforte per creare collegamenti tra loro.<\/li><li><strong>Voci della directory:<\/strong> Inserisci il tuo sito web in directory di settore pertinenti e affidabili.<\/li><li><strong>Marketing dei contenuti:<\/strong> Crea contenuti di valore, come guide, infografiche o video, che altri siti web saranno lieti di linkare.<\/li><li><strong>Comunicati stampa:<\/strong> Utilizza i portali di pubbliche relazioni per richiamare l&#039;attenzione sulle novit\u00e0 della tua azienda e generare backlink.<\/li><\/ol><p><strong>Ottimizzazione SEO per le aziende a Francoforte<\/strong><\/p><p>Oltre a generare backlink, esistono numerose altre misure per migliorare la visibilit\u00e0 del tuo sito web nei risultati di ricerca di Google. Ecco alcune misure SEO chiave che le aziende di Francoforte dovrebbero implementare:<\/p><ul><li><strong>Ottimizzazione delle parole chiave:<\/strong> Cerca parole chiave pertinenti che i potenziali clienti di Francoforte utilizzano per trovare i tuoi servizi o prodotti. Utilizza queste parole chiave in modo strategico nei tuoi testi, titoli e meta tag.<\/li><li><strong>SEO on-page:<\/strong> Ottimizza i contenuti del tuo sito web fornendo strutture chiare, titoli pertinenti e contenuti di alta qualit\u00e0.<\/li><li><strong>SEO tecnico:<\/strong> Assicurati che il tuo sito web si carichi rapidamente, sia ottimizzato per i dispositivi mobili e utilizzi connessioni HTTPS sicure.<\/li><li><strong>SEO locale:<\/strong> Utilizza Google My Business per migliorare la visibilit\u00e0 della tua attivit\u00e0 a Francoforte. Mantieni aggiornate le informazioni sulla tua attivit\u00e0, inclusi indirizzo, orari di apertura e recapiti.<\/li><li><strong>Facilit\u00e0 d&#039;uso:<\/strong> Assicura una navigazione intuitiva e un design accattivante affinch\u00e9 i visitatori si sentano a proprio agio sul tuo sito web.<\/li><\/ul><p><strong>In che modo la creazione di backlink influisce sul posizionamento su Google?<\/strong><\/p><p>Google utilizza algoritmi complessi per valutare la pertinenza e l&#039;autorevolezza dei siti web. I backlink sono un fattore di ranking chiave. Quando un sito web affidabile e tematicamente pertinente linka al tuo sito, Google lo interpreta come un&#039;approvazione dei tuoi contenuti.<\/p><p>Per beneficiare di un posizionamento sostenibile, dovresti considerare la creazione di backlink come un processo a lungo termine. Evita di acquistare backlink, poich\u00e9 tali pratiche violano le linee guida di Google e possono comportare penalizzazioni.<\/p><p><strong>Suggerimenti per una creazione di backlink di successo a Francoforte<\/strong><\/p><ol><li><strong>Utilizzare reti locali:<\/strong> Partecipa a eventi locali, incontri o fiere e crea una rete di contatti per generare potenziali collegamenti.<\/li><li><strong>Social media:<\/strong> Utilizza i social network per distribuire i tuoi contenuti e condividerli con altri. Questo aumenta le probabilit\u00e0 di generare backlink.<\/li><li><strong>Recensioni dei clienti:<\/strong> Pubblica testimonianze o storie di successo dei clienti sul tuo sito web. Le recensioni positive aumentano la credibilit\u00e0 e attraggono backlink.<\/li><li><strong>Portali di settore:<\/strong> Utilizza i portali o i forum del settore locale a Francoforte per richiamare l&#039;attenzione sulla tua competenza e ottenere backlink.<\/li><\/ol><p><strong>Conclusione: Backlink building e SEO come chiave del successo a Francoforte<\/strong><\/p><p>Costruire backlink \u00e8 uno dei modi pi\u00f9 efficaci per migliorare il posizionamento su Google e rafforzare la presenza online a Francoforte. Tuttavia, la creazione di backlink dovrebbe sempre essere abbinata ad altre misure SEO per ottenere un successo duraturo. Con una strategia chiara, contenuti di alta qualit\u00e0 e un&#039;ottimizzazione continua, puoi ottenere maggiore visibilit\u00e0 e clienti nel lungo periodo.<\/p><p>Siamo inoltre attivamente coinvolti in:\u00a0<a href=\"https:\/\/seobuchen.com\/it\/agenzia-seo-norimberga\/\" target=\"_blank\" rel=\"noopener\">Norimberga<\/a>,\u00a0<a href=\"https:\/\/seobuchen.com\/it\/agenzia-seo-amburgo\/\" target=\"_blank\" rel=\"noopener\">Amburgo<\/a>,\u00a0<a href=\"https:\/\/seobuchen.com\/it\/agenzia-seo-monaco-di-baviera\/\" target=\"_blank\" rel=\"noopener\">Monaco<\/a>,\u00a0<a href=\"https:\/\/seobuchen.com\/it\/agenzia-seo-berlino\/\" target=\"_blank\" rel=\"noopener\">Berlino<\/a>, <a href=\"https:\/\/seobuchen.com\/it\/agenzia-seo-kaiserslautern\/\">Kaiserslautern<\/a>,\u00a0<a href=\"https:\/\/seobuchen.com\/it\/agenzia-seo-ingolstadt\/\">Ingolstadt<\/a>, <a href=\"https:\/\/seobuchen.com\/it\/agenzia-seo-hannover\/\">Hannover<\/a>, <a href=\"https:\/\/seobuchen.com\/it\/agenzia-seo-colonia\/\">Colonia<\/a>, <a href=\"https:\/\/seobuchen.com\/it\/agenzia-seo-magonza\/\">Magonza<\/a><\/p>\t\t\t\t\t\t\t\t<\/div>\n\t\t\t\t<div class=\"elementor-element elementor-element-babe679 elementor-widget elementor-widget-spacer\" data-id=\"babe679\" data-element_type=\"widget\" data-e-type=\"widget\" data-widget_type=\"spacer.default\">\n\t\t\t\t\t\t\t<div class=\"elementor-spacer\">\n\t\t\t<div class=\"elementor-spacer-inner\"><\/div>\n\t\t<\/div>\n\t\t\t\t\t\t<\/div>\n\t\t\t\t\t<\/div>\n\t\t\t\t<\/div>\n\t\t<div class=\"elementor-element elementor-element-ee1b355 e-grid e-con-full my-popup-video e-con e-parent\" data-id=\"ee1b355\" data-element_type=\"container\" data-e-type=\"container\" data-settings=\"{&quot;background_background&quot;:&quot;gradient&quot;}\">\n\t\t\t\t<div class=\"elementor-element elementor-element-3197c1f elementor-align-justify animated-fast elementor-widget__width-initial elementor-invisible elementor-widget elementor-widget-button\" data-id=\"3197c1f\" data-element_type=\"widget\" data-e-type=\"widget\" data-settings=\"{&quot;_animation&quot;:&quot;fadeInUp&quot;,&quot;_animation_delay&quot;:900}\" data-widget_type=\"button.default\">\n\t\t\t\t\t\t\t\t\t\t<a class=\"elementor-button elementor-size-sm elementor-animation-float\" role=\"button\">\n\t\t\t\t\t\t<span class=\"elementor-button-content-wrapper\">\n\t\t\t\t\t\t<span class=\"elementor-button-icon\">\n\t\t\t\t<svg aria-hidden=\"true\" class=\"e-font-icon-svg e-fas-search-dollar\" viewbox=\"0 0 512 512\" xmlns=\"http:\/\/www.w3.org\/2000\/svg\"><path d=\"M505.04 442.66l-99.71-99.69c-4.5-4.5-10.6-7-17-7h-16.3c27.6-35.3 44-79.69 44-127.99C416.03 93.09 322.92 0 208.02 0S0 93.09 0 207.98s93.11 207.98 208.02 207.98c48.3 0 92.71-16.4 128.01-44v16.3c0 6.4 2.5 12.5 7 17l99.71 99.69c9.4 9.4 24.6 9.4 33.9 0l28.3-28.3c9.4-9.4 9.4-24.59.1-33.99zm-297.02-90.7c-79.54 0-144-64.34-144-143.98 0-79.53 64.35-143.98 144-143.98 79.54 0 144 64.34 144 143.98 0 79.53-64.35 143.98-144 143.98zm27.11-152.54l-45.01-13.5c-5.16-1.55-8.77-6.78-8.77-12.73 0-7.27 5.3-13.19 11.8-13.19h28.11c4.56 0 8.96 1.29 12.82 3.72 3.24 2.03 7.36 1.91 10.13-.73l11.75-11.21c3.53-3.37 3.33-9.21-.57-12.14-9.1-6.83-20.08-10.77-31.37-11.35V112c0-4.42-3.58-8-8-8h-16c-4.42 0-8 3.58-8 8v16.12c-23.63.63-42.68 20.55-42.68 45.07 0 19.97 12.99 37.81 31.58 43.39l45.01 13.5c5.16 1.55 8.77 6.78 8.77 12.73 0 7.27-5.3 13.19-11.8 13.19h-28.1c-4.56 0-8.96-1.29-12.82-3.72-3.24-2.03-7.36-1.91-10.13.73l-11.75 11.21c-3.53 3.37-3.33 9.21.57 12.14 9.1 6.83 20.08 10.77 31.37 11.35V304c0 4.42 3.58 8 8 8h16c4.42 0 8-3.58 8-8v-16.12c23.63-.63 42.68-20.54 42.68-45.07 0-19.97-12.99-37.81-31.59-43.39z\"><\/path><\/svg>\t\t\t<\/span>\n\t\t\t\t\t\t\t\t\t<span class=\"elementor-button-text\">Controlla le classifiche gratuitamente<\/span>\n\t\t\t\t\t<\/span>\n\t\t\t\t\t<\/a>\n\t\t\t\t\t\t\t\t<\/div>\n\t\t\t\t<div class=\"elementor-element elementor-element-a15386f elementor-align-justify animated-fast elementor-widget__width-initial elementor-invisible elementor-widget elementor-widget-button\" data-id=\"a15386f\" data-element_type=\"widget\" data-e-type=\"widget\" data-settings=\"{&quot;_animation&quot;:&quot;fadeInUp&quot;,&quot;_animation_delay&quot;:900}\" data-widget_type=\"button.default\">\n\t\t\t\t\t\t\t\t\t\t<a class=\"elementor-button elementor-button-link elementor-size-sm elementor-animation-float\" href=\"https:\/\/termin.checkyourseo.de\/widget\/bookings\/linkitup-innovatives-seo\" rel=\"noopener\">\n\t\t\t\t\t\t<span class=\"elementor-button-content-wrapper\">\n\t\t\t\t\t\t<span class=\"elementor-button-icon\">\n\t\t\t\t<svg aria-hidden=\"true\" class=\"e-font-icon-svg e-fas-link\" viewbox=\"0 0 512 512\" xmlns=\"http:\/\/www.w3.org\/2000\/svg\"><path d=\"M326.612 185.391c59.747 59.809 58.927 155.698.36 214.59-.11.12-.24.25-.36.37l-67.2 67.2c-59.27 59.27-155.699 59.262-214.96 0-59.27-59.26-59.27-155.7 0-214.96l37.106-37.106c9.84-9.84 26.786-3.3 27.294 10.606.648 17.722 3.826 35.527 9.69 52.721 1.986 5.822.567 12.262-3.783 16.612l-13.087 13.087c-28.026 28.026-28.905 73.66-1.155 101.96 28.024 28.579 74.086 28.749 102.325.51l67.2-67.19c28.191-28.191 28.073-73.757 0-101.83-3.701-3.694-7.429-6.564-10.341-8.569a16.037 16.037 0 0 1-6.947-12.606c-.396-10.567 3.348-21.456 11.698-29.806l21.054-21.055c5.521-5.521 14.182-6.199 20.584-1.731a152.482 152.482 0 0 1 20.522 17.197zM467.547 44.449c-59.261-59.262-155.69-59.27-214.96 0l-67.2 67.2c-.12.12-.25.25-.36.37-58.566 58.892-59.387 154.781.36 214.59a152.454 152.454 0 0 0 20.521 17.196c6.402 4.468 15.064 3.789 20.584-1.731l21.054-21.055c8.35-8.35 12.094-19.239 11.698-29.806a16.037 16.037 0 0 0-6.947-12.606c-2.912-2.005-6.64-4.875-10.341-8.569-28.073-28.073-28.191-73.639 0-101.83l67.2-67.19c28.239-28.239 74.3-28.069 102.325.51 27.75 28.3 26.872 73.934-1.155 101.96l-13.087 13.087c-4.35 4.35-5.769 10.79-3.783 16.612 5.864 17.194 9.042 34.999 9.69 52.721.509 13.906 17.454 20.446 27.294 10.606l37.106-37.106c59.271-59.259 59.271-155.699.001-214.959z\"><\/path><\/svg>\t\t\t<\/span>\n\t\t\t\t\t\t\t\t\t<span class=\"elementor-button-text\">Richiedi subito backlink di alta qualit\u00e0<\/span>\n\t\t\t\t\t<\/span>\n\t\t\t\t\t<\/a>\n\t\t\t\t\t\t\t\t<\/div>\n\t\t\t\t<\/div>\n\t\t<div class=\"elementor-element elementor-element-89a7dc6 e-flex e-con-boxed e-con e-parent\" data-id=\"89a7dc6\" data-element_type=\"container\" data-e-type=\"container\">\n\t\t\t\t\t<div class=\"e-con-inner\">\n\t\t\t\t<div class=\"elementor-element elementor-element-1ff4e0e elementor-align-center animated-fast elementor-widget__width-auto elementor-invisible elementor-widget elementor-widget-button\" data-id=\"1ff4e0e\" data-element_type=\"widget\" data-e-type=\"widget\" data-settings=\"{&quot;_animation&quot;:&quot;fadeInUp&quot;,&quot;_animation_delay&quot;:900}\" data-widget_type=\"button.default\">\n\t\t\t\t\t\t\t\t\t\t<a class=\"elementor-button elementor-button-link elementor-size-sm elementor-animation-float\" href=\"https:\/\/seobuchen.com\/it\/contatto\/\">\n\t\t\t\t\t\t<span class=\"elementor-button-content-wrapper\">\n\t\t\t\t\t\t<span class=\"elementor-button-icon\">\n\t\t\t\t<svg aria-hidden=\"true\" class=\"e-font-icon-svg e-fas-chart-line\" viewbox=\"0 0 512 512\" xmlns=\"http:\/\/www.w3.org\/2000\/svg\"><path d=\"M496 384H64V80c0-8.84-7.16-16-16-16H16C7.16 64 0 71.16 0 80v336c0 17.67 14.33 32 32 32h464c8.84 0 16-7.16 16-16v-32c0-8.84-7.16-16-16-16zM464 96H345.94c-21.38 0-32.09 25.85-16.97 40.97l32.4 32.4L288 242.75l-73.37-73.37c-12.5-12.5-32.76-12.5-45.25 0l-68.69 68.69c-6.25 6.25-6.25 16.38 0 22.63l22.62 22.62c6.25 6.25 16.38 6.25 22.63 0L192 237.25l73.37 73.37c12.5 12.5 32.76 12.5 45.25 0l96-96 32.4 32.4c15.12 15.12 40.97 4.41 40.97-16.97V112c.01-8.84-7.15-16-15.99-16z\"><\/path><\/svg>\t\t\t<\/span>\n\t\t\t\t\t\t\t\t\t<span class=\"elementor-button-text\">Migliora subito la tua SEO a Francoforte<\/span>\n\t\t\t\t\t<\/span>\n\t\t\t\t\t<\/a>\n\t\t\t\t\t\t\t\t<\/div>\n\t\t\t\t\t<\/div>\n\t\t\t\t<\/div>\n\t\t\t\t<\/div>","protected":false},"excerpt":{"rendered":"<p>Backlink Aufbau Frankfurt: Erfolgsfaktor f\u00fcr bessere Google Rankings und effektive Suchmaschinenoptimierung (SEO) Der Aufbau von Backlinks spielt eine zentrale Rolle, wenn es um die Verbesserung der Google Rankings und die Optimierung Ihrer Website geht. Gerade in einer Stadt wie Frankfurt, in der der Wettbewerb um die Online-Pr\u00e4senz von Unternehmen stetig zunimmt, ist eine durchdachte SEO-Strategie [&hellip;]<\/p>\n","protected":false},"author":1,"featured_media":0,"parent":0,"menu_order":0,"comment_status":"closed","ping_status":"closed","template":"","meta":{"footnotes":""},"class_list":["post-2216","page","type-page","status-publish","hentry"],"_links":{"self":[{"href":"https:\/\/seobuchen.com\/it\/wp-json\/wp\/v2\/pages\/2216","targetHints":{"allow":["GET"]}}],"collection":[{"href":"https:\/\/seobuchen.com\/it\/wp-json\/wp\/v2\/pages"}],"about":[{"href":"https:\/\/seobuchen.com\/it\/wp-json\/wp\/v2\/types\/page"}],"author":[{"embeddable":true,"href":"https:\/\/seobuchen.com\/it\/wp-json\/wp\/v2\/users\/1"}],"replies":[{"embeddable":true,"href":"https:\/\/seobuchen.com\/it\/wp-json\/wp\/v2\/comments?post=2216"}],"version-history":[{"count":0,"href":"https:\/\/seobuchen.com\/it\/wp-json\/wp\/v2\/pages\/2216\/revisions"}],"wp:attachment":[{"href":"https:\/\/seobuchen.com\/it\/wp-json\/wp\/v2\/media?parent=2216"}],"curies":[{"name":"wp","href":"https:\/\/api.w.org\/{rel}","templated":true}]}}