{"id":566,"date":"2025-01-25T20:15:29","date_gmt":"2025-01-25T20:15:29","guid":{"rendered":"https:\/\/linkitup.pro\/?page_id=566"},"modified":"2025-01-25T20:15:29","modified_gmt":"2025-01-25T20:15:29","slug":"controllo-della-posizione-di-google","status":"publish","type":"page","link":"https:\/\/seobuchen.com\/it\/controllo-della-posizione-di-google\/","title":{"rendered":"Google Position Check"},"content":{"rendered":"<div data-elementor-type=\"wp-page\" data-elementor-id=\"566\" class=\"elementor elementor-566\" data-elementor-post-type=\"page\">\n\t\t\t\t<div class=\"elementor-element elementor-element-0b8ef54 e-flex e-con-boxed e-con e-parent\" data-id=\"0b8ef54\" data-element_type=\"container\" data-e-type=\"container\">\n\t\t\t\t\t<div class=\"e-con-inner\">\n\t\t\t\t<div class=\"elementor-element elementor-element-7e191a2 elementor-widget elementor-widget-image\" data-id=\"7e191a2\" data-element_type=\"widget\" data-e-type=\"widget\" data-widget_type=\"image.default\">\n\t\t\t\t\t\t\t\t\t\t\t\t\t\t\t<img fetchpriority=\"high\" decoding=\"async\" width=\"1563\" height=\"1563\" src=\"https:\/\/seobuchen.com\/wp-content\/uploads\/2025\/03\/SEO-Agentur-Nuernberg-LinkITUp-SEO-Buchen.png\" class=\"attachment-full size-full wp-image-2956\" alt=\"Agenzia SEO Norimberga LinkITUp - Prenotazione SEO\" srcset=\"https:\/\/seobuchen.com\/wp-content\/uploads\/2025\/03\/SEO-Agentur-Nuernberg-LinkITUp-SEO-Buchen.png 1563w, https:\/\/seobuchen.com\/wp-content\/uploads\/2025\/03\/SEO-Agentur-Nuernberg-LinkITUp-SEO-Buchen-300x300.png 300w, https:\/\/seobuchen.com\/wp-content\/uploads\/2025\/03\/SEO-Agentur-Nuernberg-LinkITUp-SEO-Buchen-1024x1024.png 1024w, https:\/\/seobuchen.com\/wp-content\/uploads\/2025\/03\/SEO-Agentur-Nuernberg-LinkITUp-SEO-Buchen-150x150.png 150w, https:\/\/seobuchen.com\/wp-content\/uploads\/2025\/03\/SEO-Agentur-Nuernberg-LinkITUp-SEO-Buchen-768x768.png 768w, https:\/\/seobuchen.com\/wp-content\/uploads\/2025\/03\/SEO-Agentur-Nuernberg-LinkITUp-SEO-Buchen-1536x1536.png 1536w, https:\/\/seobuchen.com\/wp-content\/uploads\/2025\/03\/SEO-Agentur-Nuernberg-LinkITUp-SEO-Buchen-12x12.png 12w\" sizes=\"(max-width: 1563px) 100vw, 1563px\" \/>\t\t\t\t\t\t\t\t\t\t\t\t\t\t\t<\/div>\n\t\t\t\t<div class=\"elementor-element elementor-element-a63d52f elementor-widget elementor-widget-heading\" data-id=\"a63d52f\" data-element_type=\"widget\" data-e-type=\"widget\" data-widget_type=\"heading.default\">\n\t\t\t\t\t<h1 class=\"elementor-heading-title elementor-size-default\">Google Position Check: provalo gratuitamente in 3 passaggi | LinkITUp<\/h1>\t\t\t\t<\/div>\n\t\t\t\t<div class=\"elementor-element elementor-element-f8451c6 elementor-widget elementor-widget-heading\" data-id=\"f8451c6\" data-element_type=\"widget\" data-e-type=\"widget\" data-widget_type=\"heading.default\">\n\t\t\t\t\t<h2 class=\"elementor-heading-title elementor-size-default\">Controlla subito il tuo posizionamento su Google:<br>Inserisci il tuo indirizzo email, invia la tua parola chiave e la tua attuale classifica su Google apparir\u00e0 immediatamente.<\/h2>\t\t\t\t<\/div>\n\t\t\t\t\t<\/div>\n\t\t\t\t<\/div>\n\t\t<div class=\"elementor-element elementor-element-95b1fa0 e-flex e-con-boxed e-con e-parent\" data-id=\"95b1fa0\" data-element_type=\"container\" data-e-type=\"container\">\n\t\t\t\t\t<div class=\"e-con-inner\">\n\t\t<div class=\"elementor-element elementor-element-3e32d90 e-con-full e-flex e-con e-child\" data-id=\"3e32d90\" data-element_type=\"container\" data-e-type=\"container\">\n\t\t\t\t<div class=\"elementor-element elementor-element-28b6a617 elementor-widget elementor-widget-text-editor\" data-id=\"28b6a617\" data-element_type=\"widget\" data-e-type=\"widget\" data-widget_type=\"text-editor.default\">\n\t\t\t\t\t\t\t\t\t<p>    \n    <!-- HTML Struktur -->\n    <div class=\"keyword-checker-container\" data-kpc-id=\"kpc-Jfevoqfz\">\n        <main class=\"keyword-checker-form\" role=\"main\">\n            <header>\n                <h2>\n                   Google Keyword Position Checker                <\/h2>\n                <p class=\"description\">\n                    \u00dcberpr\u00fcfen Sie kostenlos die Position Ihrer Website in Google. Pr\u00e4zise Analyse f\u00fcr optimale Ergebnisse.                                             Erhalten Sie das Ergebnis optional per E-Mail.                                    <\/p>\n                <div class=\"rate-limit-notice\">\n                    \u23f1\ufe0f Rate Limit: Nur 1 Anfrage pro 3 Sekunden f\u00fcr faire Nutzung                <\/div>\n            <\/header>\n            \n            <form id=\"keyword-checker-form-kpc-Jfevoqfz\" class=\"keyword-checker-form-actual\" action=\"\">\n                <fieldset class=\"input-fieldset\">\n                    <legend class=\"sr-only\">Suchparameter eingeben<\/legend>\n                    \n                    <div class=\"input-group\">\n                        <label for=\"keywordInput-kpc-Jfevoqfz\" class=\"input-label\">\n                            Suchbegriff                        <\/label>\n                        <input \n                            type=\"text\" \n                            id=\"keywordInput-kpc-Jfevoqfz\" \n                            name=\"keyword\"\n                            placeholder=\"z.B. SEO Agentur M\u00fcnchen\" \n                            class=\"keyword-input\" \n                            required autocomplete=\"off\"\n                            spellcheck=\"true\">\n                        <div id=\"keyword-error-kpc-Jfevoqfz\" class=\"error-text\" style=\"display: none;\" role=\"alert\"><\/div>\n                    <\/div>\n\n                    <div class=\"input-group\">\n                        <label for=\"domainInput-kpc-Jfevoqfz\" class=\"input-label\">\n                            Ihre Domain                        <\/label>\n                        <input \n                            type=\"text\" \n                            id=\"domainInput-kpc-Jfevoqfz\" \n                            name=\"domain\"\n                            placeholder=\"beispiel.de (ohne https:\/\/)\" \n                            class=\"domain-input\" \n                            required autocomplete=\"url\"\n                            spellcheck=\"false\">\n                        <div id=\"domain-error-kpc-Jfevoqfz\" class=\"error-text\" style=\"display: none;\" role=\"alert\"><\/div>\n                    <\/div>\n\n                    <div class=\"input-group\">\n    <label for=\"emailInput-kpc-Jfevoqfz\" class=\"input-label\">\n        E-Mail-Adresse f\u00fcr Ergebnis-Versand    <\/label>\n    <input \n        type=\"email\" \n        id=\"emailInput-kpc-Jfevoqfz\" \n        name=\"email\"\n        placeholder=\"ihre@email.de\" \n        class=\"email-input\" \n        autocomplete=\"email\"\n        spellcheck=\"false\"\n        required>\n    <div id=\"email-error-kpc-Jfevoqfz\" class=\"error-text\" style=\"display: none;\" role=\"alert\"><\/div>\n<\/div>\n\n                    <div class=\"input-group\">\n                        <label for=\"tldSelect-kpc-Jfevoqfz\" class=\"input-label optional\">\n                            Google-Version                        <\/label>\n                        <select id=\"tldSelect-kpc-Jfevoqfz\" name=\"tld\" class=\"tld-select\">\n                                                            <option value=\"de\" selected>\n                                    google.de (Deutschland)\n                                <\/option>\n                                                            <option value=\"com\" >\n                                    google.com (USA (Global))\n                                <\/option>\n                                                            <option value=\"co.uk\" >\n                                    google.co.uk (Vereinigtes K\u00f6nigreich)\n                                <\/option>\n                                                            <option value=\"fr\" >\n                                    google.fr (Frankreich)\n                                <\/option>\n                                                            <option value=\"it\" >\n                                    google.it (Italien)\n                                <\/option>\n                                                            <option value=\"es\" >\n                                    google.es (Spanien)\n                                <\/option>\n                                                            <option value=\"nl\" >\n                                    google.nl (Niederlande)\n                                <\/option>\n                                                            <option value=\"ca\" >\n                                    google.ca (Kanada)\n                                <\/option>\n                                                            <option value=\"com.au\" >\n                                    google.com.au (Australien)\n                                <\/option>\n                                                            <option value=\"com.br\" >\n                                    google.com.br (Brasilien)\n                                <\/option>\n                                                            <option value=\"com.mx\" >\n                                    google.com.mx (Mexiko)\n                                <\/option>\n                                                            <option value=\"co.in\" >\n                                    google.co.in (Indien)\n                                <\/option>\n                                                            <option value=\"co.jp\" >\n                                    google.co.jp (Japan)\n                                <\/option>\n                                                            <option value=\"co.za\" >\n                                    google.co.za (S\u00fcdafrika)\n                                <\/option>\n                                                            <option value=\"ru\" >\n                                    google.ru (Russland)\n                                <\/option>\n                                                            <option value=\"ch\" >\n                                    google.ch (Schweiz)\n                                <\/option>\n                                                            <option value=\"be\" >\n                                    google.be (Belgien)\n                                <\/option>\n                                                            <option value=\"at\" >\n                                    google.at (\u00d6sterreich)\n                                <\/option>\n                                                            <option value=\"dk\" >\n                                    google.dk (D\u00e4nemark)\n                                <\/option>\n                                                            <option value=\"se\" >\n                                    google.se (Schweden)\n                                <\/option>\n                                                            <option value=\"no\" >\n                                    google.no (Norwegen)\n                                <\/option>\n                                                            <option value=\"fi\" >\n                                    google.fi (Finnland)\n                                <\/option>\n                                                            <option value=\"pl\" >\n                                    google.pl (Polen)\n                                <\/option>\n                                                            <option value=\"pt\" >\n                                    google.pt (Portugal)\n                                <\/option>\n                                                            <option value=\"ie\" >\n                                    google.ie (Irland)\n                                <\/option>\n                                                    <\/select>\n                    <\/div>\n                <\/fieldset>\n                \n                <button \n                    type=\"submit\" \n                    id=\"checkPositionBtn-kpc-Jfevoqfz\" \n                    class=\"check-button\">\n                    <span class=\"button-text\">\n                        \ud83d\ude80 Position jetzt pr\u00fcfen                    <\/span>\n                <\/button>\n            <input type=\"hidden\" name=\"trp-form-language\" value=\"it\"\/><\/form>\n            \n            <div id=\"resultBox-kpc-Jfevoqfz\" class=\"result-message\" style=\"display: none;\" role=\"region\" aria-live=\"polite\"><\/div>\n        <\/main>\n    <\/div>\n\n    <\/p><p><!-- \/wp:shortcode --><\/p>\t\t\t\t\t\t\t\t<\/div>\n\t\t\t\t<div class=\"elementor-element elementor-element-6130da7 elementor-widget elementor-widget-text-editor\" data-id=\"6130da7\" data-element_type=\"widget\" data-e-type=\"widget\" data-widget_type=\"text-editor.default\">\n\t\t\t\t\t\t\t\t\t<p>Peggio della posizione 10?\u00a0<\/p><p>Possiamo aiutarti!<\/p>\t\t\t\t\t\t\t\t<\/div>\n\t\t\t\t<div class=\"elementor-element elementor-element-09e78fd elementor-align-center elementor-widget elementor-widget-button\" data-id=\"09e78fd\" data-element_type=\"widget\" data-e-type=\"widget\" data-widget_type=\"button.default\">\n\t\t\t\t\t\t\t\t\t\t<a class=\"elementor-button elementor-button-link elementor-size-sm\" href=\"https:\/\/api.leadconnectorhq.com\/widget\/booking\/ibraFjYVEFPfuQQi27vm\" rel=\"noopener\">\n\t\t\t\t\t\t<span class=\"elementor-button-content-wrapper\">\n\t\t\t\t\t\t<span class=\"elementor-button-icon\">\n\t\t\t\t<svg aria-hidden=\"true\" class=\"e-font-icon-svg e-far-calendar-check\" viewbox=\"0 0 448 512\" xmlns=\"http:\/\/www.w3.org\/2000\/svg\"><path d=\"M400 64h-48V12c0-6.627-5.373-12-12-12h-40c-6.627 0-12 5.373-12 12v52H160V12c0-6.627-5.373-12-12-12h-40c-6.627 0-12 5.373-12 12v52H48C21.49 64 0 85.49 0 112v352c0 26.51 21.49 48 48 48h352c26.51 0 48-21.49 48-48V112c0-26.51-21.49-48-48-48zm-6 400H54a6 6 0 0 1-6-6V160h352v298a6 6 0 0 1-6 6zm-52.849-200.65L198.842 404.519c-4.705 4.667-12.303 4.637-16.971-.068l-75.091-75.699c-4.667-4.705-4.637-12.303.068-16.971l22.719-22.536c4.705-4.667 12.303-4.637 16.97.069l44.104 44.461 111.072-110.181c4.705-4.667 12.303-4.637 16.971.068l22.536 22.718c4.667 4.705 4.636 12.303-.069 16.97z\"><\/path><\/svg>\t\t\t<\/span>\n\t\t\t\t\t\t\t\t\t<span class=\"elementor-button-text\">Prenota subito il tuo appuntamento gratuito<\/span>\n\t\t\t\t\t<\/span>\n\t\t\t\t\t<\/a>\n\t\t\t\t\t\t\t\t<\/div>\n\t\t\t\t<\/div>\n\t\t\t\t\t<\/div>\n\t\t\t\t<\/div>\n\t\t<div class=\"elementor-element elementor-element-51d7d8e5 e-flex e-con-boxed e-con e-parent\" data-id=\"51d7d8e5\" data-element_type=\"container\" data-e-type=\"container\">\n\t\t\t\t\t<div class=\"e-con-inner\">\n\t\t\t\t<div class=\"elementor-element elementor-element-134e61d elementor-widget elementor-widget-text-editor\" data-id=\"134e61d\" data-element_type=\"widget\" data-e-type=\"widget\" data-widget_type=\"text-editor.default\">\n\t\t\t\t\t\t\t\t\t<p>Inserisci il tuo indirizzo email, invia la tua parola chiave e la tua attuale classifica su Google apparir\u00e0 immediatamente.<\/p>\t\t\t\t\t\t\t\t<\/div>\n\t\t\t\t<div class=\"elementor-element elementor-element-fe33059 elementor-widget elementor-widget-text-editor\" data-id=\"fe33059\" data-element_type=\"widget\" data-e-type=\"widget\" data-widget_type=\"text-editor.default\">\n\t\t\t\t\t\t\t\t\t<div style=\"text-align: center; margin: 0 auto;\"><h1><b>Google Position Check: controlla con precisione le classifiche delle parole chiave<\/b><\/h1><p>Se vuoi migliorare il tuo posizionamento, hai bisogno di dati affidabili. Google Position Check mostra esattamente dove si colloca il tuo sito web oggi, per ogni parola chiave, fino alla posizione geografica, in ogni regione.<\/p><h2><strong>A cosa serve un Google Position Check?<\/strong><\/h2><ul style=\"list-style-position: inside; padding: 0; margin: 20px 0; text-align: center;\"><li>La posizione del tuo dominio per singole parole chiave<\/li><li>Visibilit\u00e0 per citt\u00e0\/regione<\/li><li>Confronto diretto con i concorrenti<\/li><li>Cronologia della classifica nel tempo<\/li><\/ul><p>Puoi vedere immediatamente quali siti sono affidabili e quali no.<\/p><h2><strong>Perch\u00e9 \u00e8 fondamentale controllare la classifica?<\/strong><\/h2><p>Oltre il 70% dei clic proviene dai primi 3 risultati. Se manca una parola chiave, manca traffico.<\/p><ul style=\"list-style-position: inside; padding: 0; margin: 20px 0; text-align: center;\"><li>Parole chiave senza visibilit\u00e0<\/li><li>Parole chiave appena prima della pagina 1<\/li><li>Pagine ad alte prestazioni<\/li><li>Opportunit\u00e0 per rapidi guadagni di posizionamento<\/li><li>Differenze regionali significative<\/li><\/ul><h2><strong>Come funziona il Google Position Check?<\/strong><\/h2><p>Semplicemente <strong>Parola chiave e dominio<\/strong> Inserisci le coordinate. Lo strumento fornir\u00e0 la posizione esatta, incluso il riferimento GEO.<\/p><ul style=\"list-style-position: inside; padding: 0; margin: 20px 0; text-align: center;\"><li>\u201e&quot;Fabbro Monaco di Baviera&quot; \u2192 Posizione 4<\/li><li>\u201e&quot;Pulizia tubature Berlino&quot; \u2192 Posizione 12<\/li><li>\u201eAgenzia SEO Norimberga\u201c \u2192 Posizione 2<\/li><\/ul><h2><strong>Vantaggi del nostro Google Position Check<\/strong><\/h2><ul style=\"list-style-position: inside; padding: 0; margin: 20px 0; text-align: center;\"><li>Risultati immediati<\/li><li>Riconoscimento GEO preciso<\/li><li>Analisi competitiva<\/li><li>Libero da usare<\/li><li>Raccomandazioni chiare per l&#039;azione<\/li><\/ul><h2><strong>Come puoi migliorare il tuo posizionamento?<\/strong><\/h2><ul style=\"list-style-position: inside; padding: 0; margin: 20px 0; text-align: center;\"><li>Strutturare i cluster di parole chiave in modo pulito<\/li><li>Aggiorna il contenuto<\/li><li>Ottimizzazione della tecnologia (velocit\u00e0, core web vitals)<\/li><li>Creazione di backlink<\/li><li>Rafforzare i collegamenti interni<\/li><li>Imposta segnali locali (NAP, GEO)<\/li><\/ul><h2><strong>GEO-SEO: Perch\u00e9 la posizione cambia tutto<\/strong><\/h2><p>Google fornisce risultati completamente diversi a seconda della posizione.<\/p><ul style=\"list-style-position: inside; padding: 0; margin: 20px 0; text-align: center;\"><li>SEO Stoccarda<\/li><li>SEO Monaco di Baviera<\/li><li>SEO Colonia<\/li><li>SEO Berlino<\/li><\/ul><h2><strong>Conclusione<\/strong><\/h2><p>Google Position Check fornisce dati chiari: precisi, locali, immediati.<\/p><p><strong>Avviare lo strumento. Controllare la posizione. Dedurre le azioni appropriate.<\/strong><\/p><\/div>\t\t\t\t\t\t\t\t<\/div>\n\t\t\t\t\t<\/div>\n\t\t\t\t<\/div>\n\t\t\t\t<\/div>","protected":false},"excerpt":{"rendered":"<p>Google Position Check \u2013 In 3 Schritten kostenlos testen | LinkITUp Jetzt Google Position pr\u00fcfen:E-Mail eingeben, Keyword senden \u2013 und Ihr aktuelles Google-Ranking erscheint sofort. Schlechter als Position 10?\u00a0 Wir helfen weiter! Jetzt kostenlosen Termin buchen E-Mail eingeben, Keyword senden \u2013 und Ihr aktuelles Google-Ranking erscheint sofort. Google Position Check \u2013 Keyword-Rankings pr\u00e4zise pr\u00fcfen Wer [&hellip;]<\/p>\n","protected":false},"author":1,"featured_media":0,"parent":0,"menu_order":0,"comment_status":"closed","ping_status":"closed","template":"","meta":{"footnotes":""},"class_list":["post-566","page","type-page","status-publish","hentry"],"_links":{"self":[{"href":"https:\/\/seobuchen.com\/it\/wp-json\/wp\/v2\/pages\/566","targetHints":{"allow":["GET"]}}],"collection":[{"href":"https:\/\/seobuchen.com\/it\/wp-json\/wp\/v2\/pages"}],"about":[{"href":"https:\/\/seobuchen.com\/it\/wp-json\/wp\/v2\/types\/page"}],"author":[{"embeddable":true,"href":"https:\/\/seobuchen.com\/it\/wp-json\/wp\/v2\/users\/1"}],"replies":[{"embeddable":true,"href":"https:\/\/seobuchen.com\/it\/wp-json\/wp\/v2\/comments?post=566"}],"version-history":[{"count":0,"href":"https:\/\/seobuchen.com\/it\/wp-json\/wp\/v2\/pages\/566\/revisions"}],"wp:attachment":[{"href":"https:\/\/seobuchen.com\/it\/wp-json\/wp\/v2\/media?parent=566"}],"curies":[{"name":"wp","href":"https:\/\/api.w.org\/{rel}","templated":true}]}}