{"id":6057,"date":"2024-04-26T11:58:56","date_gmt":"2024-04-26T11:58:56","guid":{"rendered":"http:\/\/linkitup.pro\/?page_id=3"},"modified":"2025-12-23T23:42:40","modified_gmt":"2025-12-23T22:42:40","slug":"protezione-dei-dati","status":"publish","type":"page","link":"https:\/\/seobuchen.com\/it\/protezione-dei-dati\/","title":{"rendered":"politica sulla riservatezza"},"content":{"rendered":"<style>.elementor-6057 .elementor-element.elementor-element-e4b9b68{--display:flex;--flex-direction:column;--container-widget-width:100%;--container-widget-height:initial;--container-widget-flex-grow:0;--container-widget-align-self:initial;--flex-wrap-mobile:wrap;}.elementor-6057 .elementor-element.elementor-element-04f0e6b{--display:flex;--min-height:300px;--justify-content:center;--align-items:center;--container-widget-width:calc( ( 1 - var( --container-widget-flex-grow ) ) * 100% );--overlay-opacity:0.61;--border-radius:25px 25px 25px 25px;}.elementor-6057 .elementor-element.elementor-element-04f0e6b:not(.elementor-motion-effects-element-type-background), .elementor-6057 .elementor-element.elementor-element-04f0e6b > .elementor-motion-effects-container > .elementor-motion-effects-layer{background-image:url(\"https:\/\/seobuchen.com\/wp-content\/uploads\/2025\/12\/pawel-czerwinski-DFdR4N_Ll48-unsplash-1.jpg\");background-repeat:no-repeat;background-size:cover;}.elementor-6057 .elementor-element.elementor-element-04f0e6b::before, .elementor-6057 .elementor-element.elementor-element-04f0e6b > .elementor-background-video-container::before, .elementor-6057 .elementor-element.elementor-element-04f0e6b > .e-con-inner > .elementor-background-video-container::before, .elementor-6057 .elementor-element.elementor-element-04f0e6b > .elementor-background-slideshow::before, .elementor-6057 .elementor-element.elementor-element-04f0e6b > .e-con-inner > .elementor-background-slideshow::before, .elementor-6057 .elementor-element.elementor-element-04f0e6b > .elementor-motion-effects-container > .elementor-motion-effects-layer::before{--background-overlay:'';background-color:var( --e-global-color-1e38924 );}.elementor-6057 .elementor-element.elementor-element-8c6fc2d{text-align:center;}.elementor-6057 .elementor-element.elementor-element-8c6fc2d .elementor-heading-title{font-family:\"Urbanist\", Sans-serif;font-size:90px;font-weight:700;text-transform:uppercase;letter-spacing:-0.3px;-webkit-text-stroke-color:#000;stroke:#000;text-shadow:0px 2px 1px rgba(0,0,0,0.3);}.elementor-6057 .elementor-element.elementor-element-408c363d{--display:flex;}.elementor-6057 .elementor-element.elementor-element-8a20503{text-align:center;text-transform:none;}@media(max-width:767px){.elementor-6057 .elementor-element.elementor-element-e4b9b68{--margin-top:0px;--margin-bottom:60px;--margin-left:0px;--margin-right:0px;}.elementor-6057 .elementor-element.elementor-element-8c6fc2d .elementor-heading-title{font-size:30px;line-height:1em;}}\/* Start custom CSS for text-editor, class: .elementor-element-8a20503 *\/.center-list {\n  list-style: none;\n  padding-left: 0;\n}\n\n.center-list li {\n  display: flex;\n  justify-content: center;\n  align-items: center;\n  gap: .5em;\n}\n\n.center-list li::before {\n  content: \"\u2022\";\n}\/* End custom CSS *\/<\/style>\t\t<div data-elementor-type=\"wp-page\" data-elementor-id=\"6057\" class=\"elementor elementor-6057\" data-elementor-post-type=\"page\">\n\t\t\t\t<div class=\"elementor-element elementor-element-e4b9b68 e-flex e-con-boxed e-con e-parent\" data-id=\"e4b9b68\" data-element_type=\"container\" data-e-type=\"container\">\n\t\t\t\t\t<div class=\"e-con-inner\">\n\t\t<div class=\"elementor-element elementor-element-04f0e6b e-con-full e-flex e-con e-child\" data-id=\"04f0e6b\" data-element_type=\"container\" data-e-type=\"container\" data-settings=\"{&quot;background_background&quot;:&quot;classic&quot;}\">\n\t\t\t\t<div class=\"elementor-element elementor-element-8c6fc2d elementor-widget elementor-widget-heading\" data-id=\"8c6fc2d\" data-element_type=\"widget\" data-e-type=\"widget\" data-widget_type=\"heading.default\">\n\t\t\t\t\t<h1 class=\"elementor-heading-title elementor-size-default\">politica sulla riservatezza<\/h1>\t\t\t\t<\/div>\n\t\t\t\t<\/div>\n\t\t\t\t\t<\/div>\n\t\t\t\t<\/div>\n\t\t<div class=\"elementor-element elementor-element-408c363d e-flex e-con-boxed e-con e-parent\" data-id=\"408c363d\" data-element_type=\"container\" data-e-type=\"container\">\n\t\t\t\t\t<div class=\"e-con-inner\">\n\t\t\t\t<div class=\"elementor-element elementor-element-8a20503 elementor-widget elementor-widget-text-editor\" data-id=\"8a20503\" data-element_type=\"widget\" data-e-type=\"widget\" data-widget_type=\"text-editor.default\">\n\t\t\t\t\t\t\t\t\t<p style=\"text-align:center\">\n  <strong>1. Persona responsabile<\/strong><br>\n  LinkITUp LLC<br>\n  1621 Central Ave<br>\n  Cheyenne, WY 82001<br>\n  U.S.A.\n<\/p>\n\n<p style=\"text-align:center\">\n  E-mail: <strong><a href=\"mailto:info@linkitup.pro\">info@linkitup.pro<\/a><\/strong><br>\n  Telefono: <strong>+49 6301 3853134<\/strong>\n<\/p>\n\n<h3>2. Informazioni generali sul trattamento dei dati<\/h3>\n<p>Trattiamo i dati personali esclusivamente in conformit\u00e0 con il GDPR, la BDSG e altre normative pertinenti sulla protezione dei dati.<\/p>\n<p>Il funzionamento di questo sito web e la memorizzazione di tutti i dati personali vengono effettuati <strong>su server all&#039;interno dell&#039;Unione Europea<\/strong>.<\/p>\n\n<h3>3. Raccolta di dati personali durante la visita al sito web<\/h3>\n<p>Quando si accede a questo sito web, vengono elaborati automaticamente i seguenti dati:<\/p>\n\n<ul class=\"center-list\">\n  <li>indirizzo IP<\/li>\n  <li>Data e ora dell&#039;accesso<\/li>\n  <li>file\/URL consultato<\/li>\n  <li>URL di riferimento<\/li>\n  <li>Tipo e versione del browser<\/li>\n  <li>sistema operativo<\/li>\n  <li>Nome del fornitore di accesso<\/li>\n<\/ul>\n\n<p><strong>Finalit\u00e0 del trattamento<\/strong><\/p>\n\n<ul class=\"center-list\">\n  <li>Fornitura del sito web<\/li>\n  <li>Sicurezza e stabilit\u00e0<\/li>\n  <li>Analisi e ottimizzazione degli errori<\/li>\n<\/ul>\n\n<p><strong>Base giuridica:<\/strong> Articolo 6 paragrafo 1 lettera f GDPR (interesse legittimo).<\/p>\n\n<h3>4. Modulo di contatto<\/h3>\n<p>Quando utilizzi il modulo di contatto, memorizziamo i dati che ci invii per elaborare la tua richiesta.<\/p>\n<p>\n  <strong>Informazioni obbligatorie:<\/strong> Indirizzo e-mail<br>\n  <strong>Informazioni facoltative:<\/strong> Nome, numero di telefono, messaggio\n<\/p>\n\n<p><strong>Base giuridica:<\/strong><\/p>\n<ul class=\"center-list\">\n  <li>Articolo 6 paragrafo 1 lettera a GDPR (consenso)<\/li>\n  <li>Articolo 6 paragrafo 1 lettera b GDPR (misure precontrattuali)<\/li>\n<\/ul>\n\n<h3>5. Trasferimento dei dati della fattura negli USA<\/h3>\n<p>Ai fini della fatturazione vengono trasmessi solo i dati della fattura del cliente:<\/p>\n\n<ul class=\"center-list\">\n  <li>Nome o azienda<\/li>\n  <li>Indirizzo di fatturazione<\/li>\n  <li>Indirizzo email per la consegna della fattura<\/li>\n  <li>Dati di comunicazione commercialmente rilevanti<\/li>\n<\/ul>\n\n<p>\n  <strong>Scopo:<\/strong> Elaborazione di contratti e fatture<br>\n  <strong>Base giuridica:<\/strong> Articolo 6 paragrafo 1 lettera b GDPR\n<\/p>\n\n<p>\n  <strong>Messa in sicurezza della trasmissione:<\/strong><br>\n  Clausole contrattuali tipo (SCC) ai sensi dell&#039;art. 46 GDPR\n<\/p>\n\n<p><strong>Nessun dato del sito web o di tracciamento viene trasferito negli USA.<\/strong><\/p>\n\n<h3>6. Condivisione dei dati<\/h3>\n<p>I dati saranno condivisi solo se:<\/p>\n\n<ul class=\"center-list\">\n  <li>\u00e8 stato ottenuto il consenso<\/li>\n  <li>\u00e8 necessario per l&#039;adempimento del contratto<\/li>\n  <li>esiste un obbligo legale<\/li>\n  <li>esiste un interesse legittimo<\/li>\n<\/ul>\n\t\t\t\t\t\t\t\t<\/div>\n\t\t\t\t\t<\/div>\n\t\t\t\t<\/div>\n\t\t\t\t<\/div>","protected":false},"excerpt":{"rendered":"<p>1. Verantwortlicher LinkITUp LLC 1621 Central Ave Cheyenne, WY 82001 USA E-Mail: info@linkitup.pro Telefon: +49 6301 3853134 2. Allgemeine Hinweise zur Datenverarbeitung Wir verarbeiten personenbezogene Daten ausschlie\u00dflich gem\u00e4\u00df DSGVO, BDSG und weiteren einschl\u00e4gigen Datenschutzvorschriften. Der Betrieb dieser Website sowie die Speicherung aller personenbezogenen Daten erfolgen auf Servern innerhalb der Europ\u00e4ischen Union. 3. Erhebung personenbezogener Daten [&hellip;]<\/p>\n","protected":false},"author":1,"featured_media":0,"parent":0,"menu_order":0,"comment_status":"closed","ping_status":"closed","template":"","meta":{"footnotes":""},"class_list":["post-6057","page","type-page","status-publish","hentry"],"_links":{"self":[{"href":"https:\/\/seobuchen.com\/it\/wp-json\/wp\/v2\/pages\/6057","targetHints":{"allow":["GET"]}}],"collection":[{"href":"https:\/\/seobuchen.com\/it\/wp-json\/wp\/v2\/pages"}],"about":[{"href":"https:\/\/seobuchen.com\/it\/wp-json\/wp\/v2\/types\/page"}],"author":[{"embeddable":true,"href":"https:\/\/seobuchen.com\/it\/wp-json\/wp\/v2\/users\/1"}],"replies":[{"embeddable":true,"href":"https:\/\/seobuchen.com\/it\/wp-json\/wp\/v2\/comments?post=6057"}],"version-history":[{"count":0,"href":"https:\/\/seobuchen.com\/it\/wp-json\/wp\/v2\/pages\/6057\/revisions"}],"wp:attachment":[{"href":"https:\/\/seobuchen.com\/it\/wp-json\/wp\/v2\/media?parent=6057"}],"curies":[{"name":"wp","href":"https:\/\/api.w.org\/{rel}","templated":true}]}}