{"id":6060,"date":"2024-04-26T20:30:29","date_gmt":"2024-04-26T20:30:29","guid":{"rendered":"https:\/\/linkitup.pro\/?page_id=279"},"modified":"2024-04-26T20:30:29","modified_gmt":"2024-04-26T20:30:29","slug":"chi-siamo","status":"publish","type":"page","link":"https:\/\/seobuchen.com\/it\/chi-siamo\/","title":{"rendered":"Chi siamo"},"content":{"rendered":"<style>.elementor-6060 .elementor-element.elementor-element-fb6f664{--display:flex;}.elementor-6060 .elementor-element.elementor-element-23c0bb0{--spacer-size:50px;}.elementor-6060 .elementor-element.elementor-element-0220b25{text-align:center;}.elementor-6060 .elementor-element.elementor-element-0220b25 .elementor-heading-title{font-family:\"Rubik\", Sans-serif;font-weight:600;}<\/style>\t\t<div data-elementor-type=\"wp-page\" data-elementor-id=\"6060\" class=\"elementor elementor-6060\" data-elementor-post-type=\"page\">\n\t\t\t\t<div class=\"elementor-element elementor-element-fb6f664 e-flex e-con-boxed e-con e-parent\" data-id=\"fb6f664\" data-element_type=\"container\" data-e-type=\"container\">\n\t\t\t\t\t<div class=\"e-con-inner\">\n\t\t\t\t<div class=\"elementor-element elementor-element-25d51b2 elementor-widget elementor-widget-text-editor\" data-id=\"25d51b2\" data-element_type=\"widget\" data-e-type=\"widget\" data-widget_type=\"text-editor.default\">\n\t\t\t\t\t\t\t\t\t<p>LinkITUp \u00e8 la tua agenzia per l&#039;ottimizzazione SEO ad alte prestazioni e strategie digitali, per aziende di ogni settore. Il nostro obiettivo: portare i nostri clienti in cima ai risultati di ricerca di Google con soluzioni SEO personalizzate e garantire che vi rimangano. Che si tratti di e-commerce, servizi, attivit\u00e0 commerciali locali o nicchie specializzate, sviluppiamo strategie su misura per il tuo settore.<\/p><p>Con un approccio basato sui dati e strumenti moderni, garantiamo la crescita a lungo termine del tuo sito web. LinkITUp copre tutti gli aspetti della strategia SEO, dalla ricerca delle parole chiave all&#039;ottimizzazione tecnica, fino alla pianificazione efficace dei contenuti.<\/p><p><strong>I nostri valori<\/strong><\/p><p>LinkITUp \u00e8 sinonimo di trasparenza, collaborazione e risultati misurabili. Crediamo fermamente che il successo a lungo termine nella SEO possa essere raggiunto solo attraverso una comunicazione aperta e un&#039;ottimizzazione continua. Il nostro team si impegna a garantire che ogni misura crei un valore aggiunto tangibile e rafforzi in modo sostenibile la tua presenza online.<\/p><p><strong>Ci\u00f2 che ci rende speciali<\/strong><\/p><p>I nostri clienti beneficiano non solo della nostra competenza tecnica, ma anche della nostra flessibilit\u00e0 nell&#039;offrire soluzioni per aziende di ogni tipo e dimensione. LinkITUp unisce conoscenza del mercato, tecnologie moderne e strategie personalizzate, per risultati che contano.<\/p><p>Scopri cosa pu\u00f2 fare LinkITUp per te e per la tua presenza online!<\/p>\t\t\t\t\t\t\t\t<\/div>\n\t\t\t\t<div class=\"elementor-element elementor-element-23c0bb0 elementor-widget elementor-widget-spacer\" data-id=\"23c0bb0\" data-element_type=\"widget\" data-e-type=\"widget\" data-widget_type=\"spacer.default\">\n\t\t\t\t\t\t\t<div class=\"elementor-spacer\">\n\t\t\t<div class=\"elementor-spacer-inner\"><\/div>\n\t\t<\/div>\n\t\t\t\t\t\t<\/div>\n\t\t\t\t<div class=\"elementor-element elementor-element-0220b25 elementor-widget elementor-widget-heading\" data-id=\"0220b25\" data-element_type=\"widget\" data-e-type=\"widget\" data-widget_type=\"heading.default\">\n\t\t\t\t\t<h2 class=\"elementor-heading-title elementor-size-default\">I nostri clienti<\/h2>\t\t\t\t<\/div>\n\t\t\t\t\t<\/div>\n\t\t\t\t<\/div>\n\t\t\t\t<\/div>","protected":false},"excerpt":{"rendered":"<p>LinkITUp ist Ihre Agentur f\u00fcr leistungsstarke SEO-Optimierung und digitale Strategien \u2013 f\u00fcr Unternehmen aus jeder Branche. Unser Ziel: Wir bringen unsere Kunden durch ma\u00dfgeschneiderte SEO-L\u00f6sungen ganz nach vorne in den Google-Suchergebnissen und sorgen daf\u00fcr, dass sie dort bleiben. Egal ob E-Commerce, Dienstleistungen, lokale Anbieter oder spezialisierte Nischen \u2013 wir entwickeln Strategien, die genau auf Ihre [&hellip;]<\/p>\n","protected":false},"author":1,"featured_media":0,"parent":0,"menu_order":0,"comment_status":"closed","ping_status":"closed","template":"","meta":{"footnotes":""},"class_list":["post-6060","page","type-page","status-publish","hentry"],"_links":{"self":[{"href":"https:\/\/seobuchen.com\/it\/wp-json\/wp\/v2\/pages\/6060","targetHints":{"allow":["GET"]}}],"collection":[{"href":"https:\/\/seobuchen.com\/it\/wp-json\/wp\/v2\/pages"}],"about":[{"href":"https:\/\/seobuchen.com\/it\/wp-json\/wp\/v2\/types\/page"}],"author":[{"embeddable":true,"href":"https:\/\/seobuchen.com\/it\/wp-json\/wp\/v2\/users\/1"}],"replies":[{"embeddable":true,"href":"https:\/\/seobuchen.com\/it\/wp-json\/wp\/v2\/comments?post=6060"}],"version-history":[{"count":0,"href":"https:\/\/seobuchen.com\/it\/wp-json\/wp\/v2\/pages\/6060\/revisions"}],"wp:attachment":[{"href":"https:\/\/seobuchen.com\/it\/wp-json\/wp\/v2\/media?parent=6060"}],"curies":[{"name":"wp","href":"https:\/\/api.w.org\/{rel}","templated":true}]}}