{"id":2219,"date":"2025-02-25T17:02:05","date_gmt":"2025-02-25T17:02:05","guid":{"rendered":"https:\/\/seobuchenbylinki-z383jovj20.live-website.com\/?page_id=2219"},"modified":"2025-02-25T17:02:05","modified_gmt":"2025-02-25T17:02:05","slug":"seo-agencija-hanover","status":"publish","type":"page","link":"https:\/\/seobuchen.com\/sl\/seo-agencija-hanover\/","title":{"rendered":"SEO agencija Hanover"},"content":{"rendered":"<style>.elementor-2219 .elementor-element.elementor-element-c97376c{--display:flex;--flex-direction:column;--container-widget-width:100%;--container-widget-height:initial;--container-widget-flex-grow:0;--container-widget-align-self:initial;--flex-wrap-mobile:wrap;}.elementor-2219 .elementor-element.elementor-element-967be04{text-align:center;}.elementor-2219 .elementor-element.elementor-element-babe679{--spacer-size:50px;}.elementor-2219 .elementor-element.elementor-element-ee1b355{--display:grid;--e-con-grid-template-columns:repeat(2, 1fr);--e-con-grid-template-rows:repeat(1, 1fr);--grid-auto-flow:row;--justify-items:center;--align-items:center;}.elementor-2219 .elementor-element.elementor-element-ee1b355.e-con{--align-self:center;}.elementor-2219 .elementor-element.elementor-element-3197c1f .elementor-button-content-wrapper{flex-direction:row-reverse;}.elementor-2219 .elementor-element.elementor-element-3197c1f .elementor-button .elementor-button-content-wrapper{gap:8px;}.elementor-2219 .elementor-element.elementor-element-3197c1f .elementor-button{font-size:18px;box-shadow:0px 0px 15px 0px rgba(255, 94, 0, 0.4);border-style:solid;border-width:3px 3px 3px 3px;border-radius:10px 10px 10px 10px;}.elementor-2219 .elementor-element.elementor-element-3197c1f{width:var( --container-widget-width, 100% );max-width:100%;--container-widget-width:100%;--container-widget-flex-grow:0;}.elementor-2219 .elementor-element.elementor-element-3197c1f.elementor-element{--order:-99999 \/* order start hack *\/;}.elementor-2219 .elementor-element.elementor-element-a15386f .elementor-button-content-wrapper{flex-direction:row-reverse;}.elementor-2219 .elementor-element.elementor-element-a15386f .elementor-button .elementor-button-content-wrapper{gap:8px;}.elementor-2219 .elementor-element.elementor-element-a15386f .elementor-button{font-size:18px;box-shadow:0px 0px 15px 0px rgba(255, 94, 0, 0.4);border-style:solid;border-width:3px 3px 3px 3px;border-radius:10px 10px 10px 10px;}.elementor-2219 .elementor-element.elementor-element-a15386f{width:var( --container-widget-width, 100% );max-width:100%;--container-widget-width:100%;--container-widget-flex-grow:0;}.elementor-2219 .elementor-element.elementor-element-a15386f.elementor-element{--order:-99999 \/* order start hack *\/;}.elementor-2219 .elementor-element.elementor-element-89a7dc6{--display:flex;--flex-direction:column;--container-widget-width:100%;--container-widget-height:initial;--container-widget-flex-grow:0;--container-widget-align-self:initial;--flex-wrap-mobile:wrap;}.elementor-2219 .elementor-element.elementor-element-1ff4e0e .elementor-button-content-wrapper{flex-direction:row-reverse;}.elementor-2219 .elementor-element.elementor-element-1ff4e0e .elementor-button .elementor-button-content-wrapper{gap:8px;}.elementor-2219 .elementor-element.elementor-element-1ff4e0e .elementor-button{font-size:18px;box-shadow:0px 0px 15px 0px rgba(255, 94, 0, 0.4);border-style:solid;border-width:3px 3px 3px 3px;border-radius:10px 10px 10px 10px;}.elementor-2219 .elementor-element.elementor-element-1ff4e0e{width:auto;max-width:auto;}.elementor-2219 .elementor-element.elementor-element-1ff4e0e.elementor-element{--order:-99999 \/* order start hack *\/;--flex-grow:0;--flex-shrink:0;}@media(max-width:1024px){.elementor-2219 .elementor-element.elementor-element-ee1b355{--grid-auto-flow:row;}}@media(max-width:767px){.elementor-2219 .elementor-element.elementor-element-ee1b355{--e-con-grid-template-columns:repeat(1, 1fr);--grid-auto-flow:row;}.elementor-2219 .elementor-element.elementor-element-3197c1f .elementor-button{font-size:14px;}.elementor-2219 .elementor-element.elementor-element-3197c1f{--container-widget-width:100%;--container-widget-flex-grow:0;width:var( --container-widget-width, 100% );max-width:100%;}.elementor-2219 .elementor-element.elementor-element-a15386f .elementor-button{font-size:14px;}.elementor-2219 .elementor-element.elementor-element-a15386f{--container-widget-width:100%;--container-widget-flex-grow:0;width:var( --container-widget-width, 100% );max-width:100%;}.elementor-2219 .elementor-element.elementor-element-1ff4e0e .elementor-button{font-size:14px;}}<\/style>\t\t<div data-elementor-type=\"wp-page\" data-elementor-id=\"2219\" class=\"elementor elementor-2219\" data-elementor-post-type=\"page\">\n\t\t\t\t<div class=\"elementor-element elementor-element-c97376c e-flex e-con-boxed e-con e-parent\" data-id=\"c97376c\" data-element_type=\"container\" data-e-type=\"container\">\n\t\t\t\t\t<div class=\"e-con-inner\">\n\t\t\t\t<div class=\"elementor-element elementor-element-967be04 elementor-widget elementor-widget-heading\" data-id=\"967be04\" data-element_type=\"widget\" data-e-type=\"widget\" data-widget_type=\"heading.default\">\n\t\t\t\t\t<h1 class=\"elementor-heading-title elementor-size-default\">Gradnja povratnih povezav v Hannovru: Klju\u010d do uspeha za bolj\u0161e uvrstitve v Googlu in u\u010dinkovito optimizacijo za iskalnike (SEO)<\/h1>\t\t\t\t<\/div>\n\t\t\t\t<div class=\"elementor-element elementor-element-eda178e elementor-widget elementor-widget-image\" data-id=\"eda178e\" data-element_type=\"widget\" data-e-type=\"widget\" data-widget_type=\"image.default\">\n\t\t\t\t\t\t\t\t\t\t\t\t\t\t\t<img fetchpriority=\"high\" decoding=\"async\" width=\"300\" height=\"300\" src=\"https:\/\/seobuchen.com\/wp-content\/uploads\/2025\/03\/SEO-Agentur-Hannover-LinkITUp-SEO-Buchen-300x300.png\" class=\"attachment-medium size-medium wp-image-2949\" alt=\"SEO agencija Hanover LinkITUp - Rezervacija SEO storitev\" srcset=\"https:\/\/seobuchen.com\/wp-content\/uploads\/2025\/03\/SEO-Agentur-Hannover-LinkITUp-SEO-Buchen-300x300.png 300w, https:\/\/seobuchen.com\/wp-content\/uploads\/2025\/03\/SEO-Agentur-Hannover-LinkITUp-SEO-Buchen-1024x1024.png 1024w, https:\/\/seobuchen.com\/wp-content\/uploads\/2025\/03\/SEO-Agentur-Hannover-LinkITUp-SEO-Buchen-150x150.png 150w, https:\/\/seobuchen.com\/wp-content\/uploads\/2025\/03\/SEO-Agentur-Hannover-LinkITUp-SEO-Buchen-768x768.png 768w, https:\/\/seobuchen.com\/wp-content\/uploads\/2025\/03\/SEO-Agentur-Hannover-LinkITUp-SEO-Buchen-1536x1536.png 1536w, https:\/\/seobuchen.com\/wp-content\/uploads\/2025\/03\/SEO-Agentur-Hannover-LinkITUp-SEO-Buchen-12x12.png 12w, https:\/\/seobuchen.com\/wp-content\/uploads\/2025\/03\/SEO-Agentur-Hannover-LinkITUp-SEO-Buchen.png 1563w\" sizes=\"(max-width: 300px) 100vw, 300px\" \/>\t\t\t\t\t\t\t\t\t\t\t\t\t\t\t<\/div>\n\t\t\t\t<div class=\"elementor-element elementor-element-7a0e992 elementor-widget elementor-widget-text-editor\" data-id=\"7a0e992\" data-element_type=\"widget\" data-e-type=\"widget\" data-widget_type=\"text-editor.default\">\n\t\t\t\t\t\t\t\t\t<p>Struktura <a href=\"https:\/\/seobuchen.com\/sl\/kaj-so-povratne-povezave\/\">Povratne povezave<\/a> SEO igra osrednjo vlogo pri izbolj\u0161anju uvrstitev v Googlu in optimizaciji va\u0161ega spletnega mesta. \u0160e posebej v mestu, kot je Hanover, kjer konkurenca za spletno prisotnost podjetij nenehno nara\u0161\u010da, je dobro premi\u0161ljena strategija SEO klju\u010dnega pomena. V tem \u010dlanku boste izvedeli, zakaj je gradnja povratnih povezav pomembna, kako deluje in kateri drugi ukrepi optimizacije za iskalnike (SEO) lahko pomagajo izbolj\u0161ati va\u0161e uvrstitve v Googlu.<\/p><p><strong>Kaj je gradnja povratnih povezav in zakaj je tako pomembna?<\/strong><\/p><p>Povratna povezava je povezava z zunanjega spletnega mesta na va\u0161e spletno mesto. Z vidika iskalnikov, kot je Google, povratne povezave slu\u017eijo kot oblika zaupanja. Ve\u010d kakovostnih povratnih povezav kot ima va\u0161e spletno mesto, bolj zaupanja vredno in ustrezno velja. To izbolj\u0161a va\u0161o uvrstitev v rezultatih iskanja Google.<\/p><p>V Hannovru in okolici lahko gradnja povratnih povezav pomaga pritegniti ve\u010d lokalnih obiskovalcev na va\u0161e spletno mesto. To je \u0161e posebej koristno za lokalna podjetja, ki ponujajo svoje izdelke ali storitve neposredno v regiji.<\/p><p><strong>Kakovost pred koli\u010dino: Prava strategija povratnih povezav<\/strong><\/p><p>Pri gradnji povratnih povezav se je klju\u010dnega pomena osredoto\u010diti na kakovost. Ni vsaka povezava dragocena. Pravzaprav lahko nekakovostne povezave ali tiste, ki izvirajo z neuglednih spletnih mest, celo negativno vplivajo na va\u0161o uvrstitev v Googlu.<\/p><p>Tukaj je nekaj preverjenih strategij za gradnjo visokokakovostnih povratnih povezav:<\/p><ol><li><strong>Prispevki gostov:<\/strong> Pi\u0161ite \u010dlanke za bloge ali revije v svoji panogi. V teh \u010dlankih pove\u017eite svoje spletno mesto, da ustvarite visokokakovosten promet.<\/li><li><strong>Partnerstva:<\/strong> Sodelujte z lokalnimi podjetji ali organizacijami v Hannovru, da se pove\u017eete med seboj.<\/li><li><strong>Vnosi v imeniku:<\/strong> Vklju\u010dite svojo spletno stran v ustrezne, ugledne industrijske imenike.<\/li><li><strong>Vsebinsko tr\u017eenje:<\/strong> Ustvarite dragoceno vsebino, kot so vodniki, infografike ali videoposnetki, na katere bodo druga spletna mesta z veseljem objavljala povezave.<\/li><li><strong>Sporo\u010dila za javnost:<\/strong> Uporabite PR portale, da pritegnete pozornost na novice iz va\u0161ega podjetja in ustvarite povratne povezave.<\/li><\/ol><p><strong>SEO optimizacija za podjetja v Hannovru<\/strong><\/p><p>Poleg gradnje povratnih povezav obstajajo \u0161tevilni drugi ukrepi za izbolj\u0161anje vidnosti va\u0161ega spletnega mesta v Googlovih rezultatih. Tukaj je nekaj klju\u010dnih ukrepov SEO, ki bi jih morala izvajati podjetja v Hannovru:<\/p><ul><li><strong>Optimizacija klju\u010dnih besed:<\/strong> Razi\u0161\u010dite ustrezne klju\u010dne besede, ki jih potencialne stranke v Hannovru uporabljajo za iskanje va\u0161ih storitev ali izdelkov. Te klju\u010dne besede strate\u0161ko uporabite v svojih besedilih, naslovih in metaoznakah.<\/li><li><strong>SEO na strani:<\/strong> Optimizirajte vsebino svojega spletnega mesta z jasnimi strukturami, ustreznimi naslovi in visokokakovostno vsebino.<\/li><li><strong>Tehni\u010dni SEO:<\/strong> Poskrbite, da se bo va\u0161e spletno mesto hitro nalo\u017eilo, bilo optimizirano za mobilne naprave in uporabljalo varne povezave HTTPS.<\/li><li><strong>Lokalni SEO:<\/strong> Uporabite Google Moje podjetje za izbolj\u0161anje lokalne prepoznavnosti v Hannovru. Tam posodabljajte podatke o svojem podjetju, vklju\u010dno z naslovom, delovnim \u010dasom in kontaktnimi podatki.<\/li><li><strong>Prijaznost do uporabnika:<\/strong> Zagotovite intuitivno navigacijo in privla\u010dno obliko, da se bodo obiskovalci na va\u0161i spletni strani po\u010dutili udobno.<\/li><\/ul><p><strong>Kako gradnja povratnih povezav vpliva na va\u0161e uvrstitve v Googlu?<\/strong><\/p><p>Google uporablja kompleksne algoritme za ocenjevanje ustreznosti in avtoritete spletnih mest. Povratne povezave so klju\u010dni dejavnik uvrstitve. Ko zaupanja vredno in tematsko ustrezno spletno mesto povezuje na va\u0161e spletno mesto, Google to razume kot podporo va\u0161i vsebini.<\/p><p>Da bi imeli koristi od trajnostne uvrstitve, morate na gradnjo povratnih povezav gledati kot na dolgoro\u010den proces. Izogibajte se nakupu povratnih povezav, saj tak\u0161ne prakse kr\u0161ijo Googlove smernice in lahko vodijo do kazni.<\/p><p><strong>Nasveti za uspe\u0161no gradnjo povratnih povezav v Hannovru<\/strong><\/p><ol><li><strong>Uporabite lokalna omre\u017eja:<\/strong> Udele\u017eite se lokalnih dogodkov, sre\u010danj ali sejmov in se pove\u017eite v mre\u017ee, da ustvarite potencialne povezave.<\/li><li><strong>Dru\u017ebeni mediji:<\/strong> Za distribucijo vsebine in njeno deljenje z drugimi uporabite dru\u017ebena omre\u017eja. To pove\u010da verjetnost ustvarjanja povratnih povezav.<\/li><li><strong>Mnenja strank:<\/strong> Objavite pri\u010devanja strank ali zgodbe o uspehu na svojem spletnem mestu. Pozitivne ocene pove\u010dajo verodostojnost in privabijo povratne povezave.<\/li><li><strong>Industrijski portali:<\/strong> Uporabite lokalne industrijske portale ali forume v Hannovru, da opozorite na svoje strokovno znanje in pridobite povratne povezave.<\/li><\/ol><p><strong>Zaklju\u010dek: Gradnja povratnih povezav in SEO kot klju\u010d do uspeha v Hannovru<\/strong><\/p><p>Gradnja povratnih povezav je eden naju\u010dinkovitej\u0161ih na\u010dinov za izbolj\u0161anje uvrstitve v Googlu in okrepitev spletne prisotnosti v Hannovru. Vendar pa je treba gradnjo povratnih povezav vedno kombinirati z drugimi SEO ukrepi, da dose\u017eete trajnostni uspeh. Z jasno strategijo, visokokakovostno vsebino in nenehno optimizacijo lahko dolgoro\u010dno pridobite ve\u010djo prepoznavnost in stranke.<\/p><p>Aktivno sodelujemo tudi pri:\u00a0<a href=\"https:\/\/seobuchen.com\/sl\/seo-agencija-nuernberg\/\" target=\"_blank\" rel=\"noopener\">N\u00fcrnberg<\/a>,\u00a0<a href=\"https:\/\/seobuchen.com\/sl\/seo-agencija-hamburg\/\" target=\"_blank\" rel=\"noopener\">Hamburg<\/a>,\u00a0<a href=\"https:\/\/seobuchen.com\/sl\/seo-agencija-muenchen\/\" target=\"_blank\" rel=\"noopener\">M\u00fcnchen<\/a>,\u00a0<a href=\"https:\/\/seobuchen.com\/sl\/seo-agencija-berlin\/\" target=\"_blank\" rel=\"noopener\">Berlin<\/a>,\u00a0<a href=\"https:\/\/seobuchen.com\/sl\/seo-agencija-frankfurt\/\" target=\"_blank\" rel=\"noopener\">Frankfurt<\/a>, <a href=\"https:\/\/seobuchen.com\/sl\/seo-agencija-ingolstadt\/\">Ingolstadt<\/a>, <a href=\"https:\/\/seobuchen.com\/sl\/seo-agencija-kaiserslautern\/\">Kaiserslautern<\/a>, <a href=\"https:\/\/seobuchen.com\/sl\/seo-agencija-koeln\/\">K\u00f6ln<\/a>, <a href=\"https:\/\/seobuchen.com\/sl\/seo-agencija-mainz\/\">Mainz<\/a><\/p>\t\t\t\t\t\t\t\t<\/div>\n\t\t\t\t<div class=\"elementor-element elementor-element-babe679 elementor-widget elementor-widget-spacer\" data-id=\"babe679\" data-element_type=\"widget\" data-e-type=\"widget\" data-widget_type=\"spacer.default\">\n\t\t\t\t\t\t\t<div class=\"elementor-spacer\">\n\t\t\t<div class=\"elementor-spacer-inner\"><\/div>\n\t\t<\/div>\n\t\t\t\t\t\t<\/div>\n\t\t\t\t\t<\/div>\n\t\t\t\t<\/div>\n\t\t<div class=\"elementor-element elementor-element-ee1b355 e-grid e-con-full my-popup-video e-con e-parent\" data-id=\"ee1b355\" data-element_type=\"container\" data-e-type=\"container\" data-settings=\"{&quot;background_background&quot;:&quot;gradient&quot;}\">\n\t\t\t\t<div class=\"elementor-element elementor-element-3197c1f elementor-align-justify animated-fast elementor-widget__width-initial elementor-invisible elementor-widget elementor-widget-button\" data-id=\"3197c1f\" data-element_type=\"widget\" data-e-type=\"widget\" data-settings=\"{&quot;_animation&quot;:&quot;fadeInUp&quot;,&quot;_animation_delay&quot;:900}\" data-widget_type=\"button.default\">\n\t\t\t\t\t\t\t\t\t\t<a class=\"elementor-button elementor-size-sm elementor-animation-float\" role=\"button\">\n\t\t\t\t\t\t<span class=\"elementor-button-content-wrapper\">\n\t\t\t\t\t\t<span class=\"elementor-button-icon\">\n\t\t\t\t<svg aria-hidden=\"true\" class=\"e-font-icon-svg e-fas-search-dollar\" viewbox=\"0 0 512 512\" xmlns=\"http:\/\/www.w3.org\/2000\/svg\"><path d=\"M505.04 442.66l-99.71-99.69c-4.5-4.5-10.6-7-17-7h-16.3c27.6-35.3 44-79.69 44-127.99C416.03 93.09 322.92 0 208.02 0S0 93.09 0 207.98s93.11 207.98 208.02 207.98c48.3 0 92.71-16.4 128.01-44v16.3c0 6.4 2.5 12.5 7 17l99.71 99.69c9.4 9.4 24.6 9.4 33.9 0l28.3-28.3c9.4-9.4 9.4-24.59.1-33.99zm-297.02-90.7c-79.54 0-144-64.34-144-143.98 0-79.53 64.35-143.98 144-143.98 79.54 0 144 64.34 144 143.98 0 79.53-64.35 143.98-144 143.98zm27.11-152.54l-45.01-13.5c-5.16-1.55-8.77-6.78-8.77-12.73 0-7.27 5.3-13.19 11.8-13.19h28.11c4.56 0 8.96 1.29 12.82 3.72 3.24 2.03 7.36 1.91 10.13-.73l11.75-11.21c3.53-3.37 3.33-9.21-.57-12.14-9.1-6.83-20.08-10.77-31.37-11.35V112c0-4.42-3.58-8-8-8h-16c-4.42 0-8 3.58-8 8v16.12c-23.63.63-42.68 20.55-42.68 45.07 0 19.97 12.99 37.81 31.58 43.39l45.01 13.5c5.16 1.55 8.77 6.78 8.77 12.73 0 7.27-5.3 13.19-11.8 13.19h-28.1c-4.56 0-8.96-1.29-12.82-3.72-3.24-2.03-7.36-1.91-10.13.73l-11.75 11.21c-3.53 3.37-3.33 9.21.57 12.14 9.1 6.83 20.08 10.77 31.37 11.35V304c0 4.42 3.58 8 8 8h16c4.42 0 8-3.58 8-8v-16.12c23.63-.63 42.68-20.54 42.68-45.07 0-19.97-12.99-37.81-31.59-43.39z\"><\/path><\/svg>\t\t\t<\/span>\n\t\t\t\t\t\t\t\t\t<span class=\"elementor-button-text\">Brezpla\u010dno preverite uvrstitve<\/span>\n\t\t\t\t\t<\/span>\n\t\t\t\t\t<\/a>\n\t\t\t\t\t\t\t\t<\/div>\n\t\t\t\t<div class=\"elementor-element elementor-element-a15386f elementor-align-justify animated-fast elementor-widget__width-initial elementor-invisible elementor-widget elementor-widget-button\" data-id=\"a15386f\" data-element_type=\"widget\" data-e-type=\"widget\" data-settings=\"{&quot;_animation&quot;:&quot;fadeInUp&quot;,&quot;_animation_delay&quot;:900}\" data-widget_type=\"button.default\">\n\t\t\t\t\t\t\t\t\t\t<a class=\"elementor-button elementor-button-link elementor-size-sm elementor-animation-float\" href=\"https:\/\/termin.checkyourseo.de\/widget\/bookings\/linkitup-innovatives-seo\" rel=\"noopener\">\n\t\t\t\t\t\t<span class=\"elementor-button-content-wrapper\">\n\t\t\t\t\t\t<span class=\"elementor-button-icon\">\n\t\t\t\t<svg aria-hidden=\"true\" class=\"e-font-icon-svg e-fas-link\" viewbox=\"0 0 512 512\" xmlns=\"http:\/\/www.w3.org\/2000\/svg\"><path d=\"M326.612 185.391c59.747 59.809 58.927 155.698.36 214.59-.11.12-.24.25-.36.37l-67.2 67.2c-59.27 59.27-155.699 59.262-214.96 0-59.27-59.26-59.27-155.7 0-214.96l37.106-37.106c9.84-9.84 26.786-3.3 27.294 10.606.648 17.722 3.826 35.527 9.69 52.721 1.986 5.822.567 12.262-3.783 16.612l-13.087 13.087c-28.026 28.026-28.905 73.66-1.155 101.96 28.024 28.579 74.086 28.749 102.325.51l67.2-67.19c28.191-28.191 28.073-73.757 0-101.83-3.701-3.694-7.429-6.564-10.341-8.569a16.037 16.037 0 0 1-6.947-12.606c-.396-10.567 3.348-21.456 11.698-29.806l21.054-21.055c5.521-5.521 14.182-6.199 20.584-1.731a152.482 152.482 0 0 1 20.522 17.197zM467.547 44.449c-59.261-59.262-155.69-59.27-214.96 0l-67.2 67.2c-.12.12-.25.25-.36.37-58.566 58.892-59.387 154.781.36 214.59a152.454 152.454 0 0 0 20.521 17.196c6.402 4.468 15.064 3.789 20.584-1.731l21.054-21.055c8.35-8.35 12.094-19.239 11.698-29.806a16.037 16.037 0 0 0-6.947-12.606c-2.912-2.005-6.64-4.875-10.341-8.569-28.073-28.073-28.191-73.639 0-101.83l67.2-67.19c28.239-28.239 74.3-28.069 102.325.51 27.75 28.3 26.872 73.934-1.155 101.96l-13.087 13.087c-4.35 4.35-5.769 10.79-3.783 16.612 5.864 17.194 9.042 34.999 9.69 52.721.509 13.906 17.454 20.446 27.294 10.606l37.106-37.106c59.271-59.259 59.271-155.699.001-214.959z\"><\/path><\/svg>\t\t\t<\/span>\n\t\t\t\t\t\t\t\t\t<span class=\"elementor-button-text\">Zahtevajte visokokakovostne povratne povezave zdaj<\/span>\n\t\t\t\t\t<\/span>\n\t\t\t\t\t<\/a>\n\t\t\t\t\t\t\t\t<\/div>\n\t\t\t\t<\/div>\n\t\t<div class=\"elementor-element elementor-element-89a7dc6 e-flex e-con-boxed e-con e-parent\" data-id=\"89a7dc6\" data-element_type=\"container\" data-e-type=\"container\">\n\t\t\t\t\t<div class=\"e-con-inner\">\n\t\t\t\t<div class=\"elementor-element elementor-element-1ff4e0e elementor-align-center animated-fast elementor-widget__width-auto elementor-invisible elementor-widget elementor-widget-button\" data-id=\"1ff4e0e\" data-element_type=\"widget\" data-e-type=\"widget\" data-settings=\"{&quot;_animation&quot;:&quot;fadeInUp&quot;,&quot;_animation_delay&quot;:900}\" data-widget_type=\"button.default\">\n\t\t\t\t\t\t\t\t\t\t<a class=\"elementor-button elementor-button-link elementor-size-sm elementor-animation-float\" href=\"https:\/\/seobuchen.com\/sl\/stik\/\">\n\t\t\t\t\t\t<span class=\"elementor-button-content-wrapper\">\n\t\t\t\t\t\t<span class=\"elementor-button-icon\">\n\t\t\t\t<svg aria-hidden=\"true\" class=\"e-font-icon-svg e-fas-chart-line\" viewbox=\"0 0 512 512\" xmlns=\"http:\/\/www.w3.org\/2000\/svg\"><path d=\"M496 384H64V80c0-8.84-7.16-16-16-16H16C7.16 64 0 71.16 0 80v336c0 17.67 14.33 32 32 32h464c8.84 0 16-7.16 16-16v-32c0-8.84-7.16-16-16-16zM464 96H345.94c-21.38 0-32.09 25.85-16.97 40.97l32.4 32.4L288 242.75l-73.37-73.37c-12.5-12.5-32.76-12.5-45.25 0l-68.69 68.69c-6.25 6.25-6.25 16.38 0 22.63l22.62 22.62c6.25 6.25 16.38 6.25 22.63 0L192 237.25l73.37 73.37c12.5 12.5 32.76 12.5 45.25 0l96-96 32.4 32.4c15.12 15.12 40.97 4.41 40.97-16.97V112c.01-8.84-7.15-16-15.99-16z\"><\/path><\/svg>\t\t\t<\/span>\n\t\t\t\t\t\t\t\t\t<span class=\"elementor-button-text\">Izbolj\u0161ajte svoj SEO v Hannovru zdaj<\/span>\n\t\t\t\t\t<\/span>\n\t\t\t\t\t<\/a>\n\t\t\t\t\t\t\t\t<\/div>\n\t\t\t\t\t<\/div>\n\t\t\t\t<\/div>\n\t\t\t\t<\/div>","protected":false},"excerpt":{"rendered":"<p>Backlink Aufbau Hannover: Erfolgsfaktor f\u00fcr bessere Google Rankings und effektive Suchmaschinenoptimierung (SEO) Der Aufbau von Backlinks spielt eine zentrale Rolle, wenn es um die Verbesserung der Google Rankings und die Optimierung Ihrer Website geht. Gerade in einer Stadt wie Hannover, in der der Wettbewerb um die Online-Pr\u00e4senz von Unternehmen stetig zunimmt, ist eine durchdachte SEO-Strategie [&hellip;]<\/p>\n","protected":false},"author":1,"featured_media":0,"parent":0,"menu_order":0,"comment_status":"closed","ping_status":"closed","template":"","meta":{"footnotes":""},"class_list":["post-2219","page","type-page","status-publish","hentry"],"_links":{"self":[{"href":"https:\/\/seobuchen.com\/sl\/wp-json\/wp\/v2\/pages\/2219","targetHints":{"allow":["GET"]}}],"collection":[{"href":"https:\/\/seobuchen.com\/sl\/wp-json\/wp\/v2\/pages"}],"about":[{"href":"https:\/\/seobuchen.com\/sl\/wp-json\/wp\/v2\/types\/page"}],"author":[{"embeddable":true,"href":"https:\/\/seobuchen.com\/sl\/wp-json\/wp\/v2\/users\/1"}],"replies":[{"embeddable":true,"href":"https:\/\/seobuchen.com\/sl\/wp-json\/wp\/v2\/comments?post=2219"}],"version-history":[{"count":0,"href":"https:\/\/seobuchen.com\/sl\/wp-json\/wp\/v2\/pages\/2219\/revisions"}],"wp:attachment":[{"href":"https:\/\/seobuchen.com\/sl\/wp-json\/wp\/v2\/media?parent=2219"}],"curies":[{"name":"delovni list","href":"https:\/\/api.w.org\/{rel}","templated":true}]}}