{"id":566,"date":"2025-01-25T20:15:29","date_gmt":"2025-01-25T20:15:29","guid":{"rendered":"https:\/\/linkitup.pro\/?page_id=566"},"modified":"2025-01-25T20:15:29","modified_gmt":"2025-01-25T20:15:29","slug":"preverjanje-polozaja-v-googlu","status":"publish","type":"page","link":"https:\/\/seobuchen.com\/sl\/preverjanje-polozaja-v-googlu\/","title":{"rendered":"Google Position Check"},"content":{"rendered":"<div data-elementor-type=\"wp-page\" data-elementor-id=\"566\" class=\"elementor elementor-566\" data-elementor-post-type=\"page\">\n\t\t\t\t<div class=\"elementor-element elementor-element-0b8ef54 e-flex e-con-boxed e-con e-parent\" data-id=\"0b8ef54\" data-element_type=\"container\" data-e-type=\"container\">\n\t\t\t\t\t<div class=\"e-con-inner\">\n\t\t\t\t<div class=\"elementor-element elementor-element-7e191a2 elementor-widget elementor-widget-image\" data-id=\"7e191a2\" data-element_type=\"widget\" data-e-type=\"widget\" data-widget_type=\"image.default\">\n\t\t\t\t\t\t\t\t\t\t\t\t\t\t\t<img fetchpriority=\"high\" decoding=\"async\" width=\"1563\" height=\"1563\" src=\"https:\/\/seobuchen.com\/wp-content\/uploads\/2025\/03\/SEO-Agentur-Nuernberg-LinkITUp-SEO-Buchen.png\" class=\"attachment-full size-full wp-image-2956\" alt=\"SEO agencija N\u00fcrnberg LinkITUp - Rezervacija SEO storitev\" srcset=\"https:\/\/seobuchen.com\/wp-content\/uploads\/2025\/03\/SEO-Agentur-Nuernberg-LinkITUp-SEO-Buchen.png 1563w, https:\/\/seobuchen.com\/wp-content\/uploads\/2025\/03\/SEO-Agentur-Nuernberg-LinkITUp-SEO-Buchen-300x300.png 300w, https:\/\/seobuchen.com\/wp-content\/uploads\/2025\/03\/SEO-Agentur-Nuernberg-LinkITUp-SEO-Buchen-1024x1024.png 1024w, https:\/\/seobuchen.com\/wp-content\/uploads\/2025\/03\/SEO-Agentur-Nuernberg-LinkITUp-SEO-Buchen-150x150.png 150w, https:\/\/seobuchen.com\/wp-content\/uploads\/2025\/03\/SEO-Agentur-Nuernberg-LinkITUp-SEO-Buchen-768x768.png 768w, https:\/\/seobuchen.com\/wp-content\/uploads\/2025\/03\/SEO-Agentur-Nuernberg-LinkITUp-SEO-Buchen-1536x1536.png 1536w, https:\/\/seobuchen.com\/wp-content\/uploads\/2025\/03\/SEO-Agentur-Nuernberg-LinkITUp-SEO-Buchen-12x12.png 12w\" sizes=\"(max-width: 1563px) 100vw, 1563px\" \/>\t\t\t\t\t\t\t\t\t\t\t\t\t\t\t<\/div>\n\t\t\t\t<div class=\"elementor-element elementor-element-a63d52f elementor-widget elementor-widget-heading\" data-id=\"a63d52f\" data-element_type=\"widget\" data-e-type=\"widget\" data-widget_type=\"heading.default\">\n\t\t\t\t\t<h1 class=\"elementor-heading-title elementor-size-default\">Preverjanje pozicije v Googlu \u2013 preizkusite brezpla\u010dno v 3 korakih | LinkITUp<\/h1>\t\t\t\t<\/div>\n\t\t\t\t<div class=\"elementor-element elementor-element-f8451c6 elementor-widget elementor-widget-heading\" data-id=\"f8451c6\" data-element_type=\"widget\" data-e-type=\"widget\" data-widget_type=\"heading.default\">\n\t\t\t\t\t<h2 class=\"elementor-heading-title elementor-size-default\">Preverite svojo uvrstitev v Googlu zdaj:<br>Vnesite svoj e-po\u0161tni naslov, po\u0161ljite klju\u010dno besedo \u2013 in va\u0161a trenutna uvrstitev v Googlu se bo takoj prikazala.<\/h2>\t\t\t\t<\/div>\n\t\t\t\t\t<\/div>\n\t\t\t\t<\/div>\n\t\t<div class=\"elementor-element elementor-element-95b1fa0 e-flex e-con-boxed e-con e-parent\" data-id=\"95b1fa0\" data-element_type=\"container\" data-e-type=\"container\">\n\t\t\t\t\t<div class=\"e-con-inner\">\n\t\t<div class=\"elementor-element elementor-element-3e32d90 e-con-full e-flex e-con e-child\" data-id=\"3e32d90\" data-element_type=\"container\" data-e-type=\"container\">\n\t\t\t\t<div class=\"elementor-element elementor-element-28b6a617 elementor-widget elementor-widget-text-editor\" data-id=\"28b6a617\" data-element_type=\"widget\" data-e-type=\"widget\" data-widget_type=\"text-editor.default\">\n\t\t\t\t\t\t\t\t\t<p>    \n    <!-- HTML Struktur -->\n    <div class=\"keyword-checker-container\" data-kpc-id=\"kpc-xA4bleZH\">\n        <main class=\"keyword-checker-form\" role=\"main\">\n            <header>\n                <h2>\n                   Google Keyword Position Checker                <\/h2>\n                <p class=\"description\">\n                    \u00dcberpr\u00fcfen Sie kostenlos die Position Ihrer Website in Google. Pr\u00e4zise Analyse f\u00fcr optimale Ergebnisse.                                             Erhalten Sie das Ergebnis optional per E-Mail.                                    <\/p>\n                <div class=\"rate-limit-notice\">\n                    \u23f1\ufe0f Rate Limit: Nur 1 Anfrage pro 3 Sekunden f\u00fcr faire Nutzung                <\/div>\n            <\/header>\n            \n            <form id=\"keyword-checker-form-kpc-xA4bleZH\" class=\"keyword-checker-form-actual\" action=\"\">\n                <fieldset class=\"input-fieldset\">\n                    <legend class=\"sr-only\">Suchparameter eingeben<\/legend>\n                    \n                    <div class=\"input-group\">\n                        <label for=\"keywordInput-kpc-xA4bleZH\" class=\"input-label\">\n                            Suchbegriff                        <\/label>\n                        <input \n                            type=\"text\" \n                            id=\"keywordInput-kpc-xA4bleZH\" \n                            name=\"keyword\"\n                            placeholder=\"z.B. SEO Agentur M\u00fcnchen\" \n                            class=\"keyword-input\" \n                            required autocomplete=\"off\"\n                            spellcheck=\"true\">\n                        <div id=\"keyword-error-kpc-xA4bleZH\" class=\"error-text\" style=\"display: none;\" role=\"alert\"><\/div>\n                    <\/div>\n\n                    <div class=\"input-group\">\n                        <label for=\"domainInput-kpc-xA4bleZH\" class=\"input-label\">\n                            Ihre Domain                        <\/label>\n                        <input \n                            type=\"text\" \n                            id=\"domainInput-kpc-xA4bleZH\" \n                            name=\"domain\"\n                            placeholder=\"beispiel.de (ohne https:\/\/)\" \n                            class=\"domain-input\" \n                            required autocomplete=\"url\"\n                            spellcheck=\"false\">\n                        <div id=\"domain-error-kpc-xA4bleZH\" class=\"error-text\" style=\"display: none;\" role=\"alert\"><\/div>\n                    <\/div>\n\n                    <div class=\"input-group\">\n    <label for=\"emailInput-kpc-xA4bleZH\" class=\"input-label\">\n        E-Mail-Adresse f\u00fcr Ergebnis-Versand    <\/label>\n    <input \n        type=\"email\" \n        id=\"emailInput-kpc-xA4bleZH\" \n        name=\"email\"\n        placeholder=\"ihre@email.de\" \n        class=\"email-input\" \n        autocomplete=\"email\"\n        spellcheck=\"false\"\n        required>\n    <div id=\"email-error-kpc-xA4bleZH\" class=\"error-text\" style=\"display: none;\" role=\"alert\"><\/div>\n<\/div>\n\n                    <div class=\"input-group\">\n                        <label for=\"tldSelect-kpc-xA4bleZH\" class=\"input-label optional\">\n                            Google-Version                        <\/label>\n                        <select id=\"tldSelect-kpc-xA4bleZH\" name=\"tld\" class=\"tld-select\">\n                                                            <option value=\"de\" selected>\n                                    google.de (Deutschland)\n                                <\/option>\n                                                            <option value=\"com\" >\n                                    google.com (USA (Global))\n                                <\/option>\n                                                            <option value=\"co.uk\" >\n                                    google.co.uk (Vereinigtes K\u00f6nigreich)\n                                <\/option>\n                                                            <option value=\"fr\" >\n                                    google.fr (Frankreich)\n                                <\/option>\n                                                            <option value=\"it\" >\n                                    google.it (Italien)\n                                <\/option>\n                                                            <option value=\"es\" >\n                                    google.es (Spanien)\n                                <\/option>\n                                                            <option value=\"nl\" >\n                                    google.nl (Niederlande)\n                                <\/option>\n                                                            <option value=\"ca\" >\n                                    google.ca (Kanada)\n                                <\/option>\n                                                            <option value=\"com.au\" >\n                                    google.com.au (Australien)\n                                <\/option>\n                                                            <option value=\"com.br\" >\n                                    google.com.br (Brasilien)\n                                <\/option>\n                                                            <option value=\"com.mx\" >\n                                    google.com.mx (Mexiko)\n                                <\/option>\n                                                            <option value=\"co.in\" >\n                                    google.co.in (Indien)\n                                <\/option>\n                                                            <option value=\"co.jp\" >\n                                    google.co.jp (Japan)\n                                <\/option>\n                                                            <option value=\"co.za\" >\n                                    google.co.za (S\u00fcdafrika)\n                                <\/option>\n                                                            <option value=\"ru\" >\n                                    google.ru (Russland)\n                                <\/option>\n                                                            <option value=\"ch\" >\n                                    google.ch (Schweiz)\n                                <\/option>\n                                                            <option value=\"be\" >\n                                    google.be (Belgien)\n                                <\/option>\n                                                            <option value=\"at\" >\n                                    google.at (\u00d6sterreich)\n                                <\/option>\n                                                            <option value=\"dk\" >\n                                    google.dk (D\u00e4nemark)\n                                <\/option>\n                                                            <option value=\"se\" >\n                                    google.se (Schweden)\n                                <\/option>\n                                                            <option value=\"no\" >\n                                    google.no (Norwegen)\n                                <\/option>\n                                                            <option value=\"fi\" >\n                                    google.fi (Finnland)\n                                <\/option>\n                                                            <option value=\"pl\" >\n                                    google.pl (Polen)\n                                <\/option>\n                                                            <option value=\"pt\" >\n                                    google.pt (Portugal)\n                                <\/option>\n                                                            <option value=\"ie\" >\n                                    google.ie (Irland)\n                                <\/option>\n                                                    <\/select>\n                    <\/div>\n                <\/fieldset>\n                \n                <button \n                    type=\"submit\" \n                    id=\"checkPositionBtn-kpc-xA4bleZH\" \n                    class=\"check-button\">\n                    <span class=\"button-text\">\n                        \ud83d\ude80 Position jetzt pr\u00fcfen                    <\/span>\n                <\/button>\n            <input type=\"hidden\" name=\"trp-form-language\" value=\"sl\"\/><\/form>\n            \n            <div id=\"resultBox-kpc-xA4bleZH\" class=\"result-message\" style=\"display: none;\" role=\"region\" aria-live=\"polite\"><\/div>\n        <\/main>\n    <\/div>\n\n    <\/p><p><!-- \/wp:shortcode --><\/p>\t\t\t\t\t\t\t\t<\/div>\n\t\t\t\t<div class=\"elementor-element elementor-element-6130da7 elementor-widget elementor-widget-text-editor\" data-id=\"6130da7\" data-element_type=\"widget\" data-e-type=\"widget\" data-widget_type=\"text-editor.default\">\n\t\t\t\t\t\t\t\t\t<p>Slab\u0161e od 10. mesta?\u00a0<\/p><p>Lahko pomagamo!<\/p>\t\t\t\t\t\t\t\t<\/div>\n\t\t\t\t<div class=\"elementor-element elementor-element-09e78fd elementor-align-center elementor-widget elementor-widget-button\" data-id=\"09e78fd\" data-element_type=\"widget\" data-e-type=\"widget\" data-widget_type=\"button.default\">\n\t\t\t\t\t\t\t\t\t\t<a class=\"elementor-button elementor-button-link elementor-size-sm\" href=\"https:\/\/api.leadconnectorhq.com\/widget\/booking\/ibraFjYVEFPfuQQi27vm\" rel=\"noopener\">\n\t\t\t\t\t\t<span class=\"elementor-button-content-wrapper\">\n\t\t\t\t\t\t<span class=\"elementor-button-icon\">\n\t\t\t\t<svg aria-hidden=\"true\" class=\"e-font-icon-svg e-far-calendar-check\" viewbox=\"0 0 448 512\" xmlns=\"http:\/\/www.w3.org\/2000\/svg\"><path d=\"M400 64h-48V12c0-6.627-5.373-12-12-12h-40c-6.627 0-12 5.373-12 12v52H160V12c0-6.627-5.373-12-12-12h-40c-6.627 0-12 5.373-12 12v52H48C21.49 64 0 85.49 0 112v352c0 26.51 21.49 48 48 48h352c26.51 0 48-21.49 48-48V112c0-26.51-21.49-48-48-48zm-6 400H54a6 6 0 0 1-6-6V160h352v298a6 6 0 0 1-6 6zm-52.849-200.65L198.842 404.519c-4.705 4.667-12.303 4.637-16.971-.068l-75.091-75.699c-4.667-4.705-4.637-12.303.068-16.971l22.719-22.536c4.705-4.667 12.303-4.637 16.97.069l44.104 44.461 111.072-110.181c4.705-4.667 12.303-4.637 16.971.068l22.536 22.718c4.667 4.705 4.636 12.303-.069 16.97z\"><\/path><\/svg>\t\t\t<\/span>\n\t\t\t\t\t\t\t\t\t<span class=\"elementor-button-text\">Rezervirajte svoj brezpla\u010dni termin zdaj<\/span>\n\t\t\t\t\t<\/span>\n\t\t\t\t\t<\/a>\n\t\t\t\t\t\t\t\t<\/div>\n\t\t\t\t<\/div>\n\t\t\t\t\t<\/div>\n\t\t\t\t<\/div>\n\t\t<div class=\"elementor-element elementor-element-51d7d8e5 e-flex e-con-boxed e-con e-parent\" data-id=\"51d7d8e5\" data-element_type=\"container\" data-e-type=\"container\">\n\t\t\t\t\t<div class=\"e-con-inner\">\n\t\t\t\t<div class=\"elementor-element elementor-element-134e61d elementor-widget elementor-widget-text-editor\" data-id=\"134e61d\" data-element_type=\"widget\" data-e-type=\"widget\" data-widget_type=\"text-editor.default\">\n\t\t\t\t\t\t\t\t\t<p>Vnesite svoj e-po\u0161tni naslov, po\u0161ljite klju\u010dno besedo \u2013 in va\u0161a trenutna uvrstitev v Googlu se bo takoj prikazala.<\/p>\t\t\t\t\t\t\t\t<\/div>\n\t\t\t\t<div class=\"elementor-element elementor-element-fe33059 elementor-widget elementor-widget-text-editor\" data-id=\"fe33059\" data-element_type=\"widget\" data-e-type=\"widget\" data-widget_type=\"text-editor.default\">\n\t\t\t\t\t\t\t\t\t<div style=\"text-align: center; margin: 0 auto;\"><h1><b>Preverjanje pozicij v Googlu \u2013 Natan\u010dno preverjanje uvrstitev klju\u010dnih besed<\/b><\/h1><p>\u010ce \u017eelite izbolj\u0161ati svojo uvrstitev, potrebujete zanesljive podatke. Preverjanje polo\u017eaja v Googlu natan\u010dno prikazuje, kje je va\u0161e spletno mesto danes \u2013 za vsako klju\u010dno besedo, vse do lokacije, v vsaki regiji.<\/p><h2><strong>Kaj po\u010dne preverjanje pozicije v Googlu?<\/strong><\/h2><ul style=\"list-style-position: inside; padding: 0; margin: 20px 0; text-align: center;\"><li>Pozicija va\u0161e domene za posamezne klju\u010dne besede<\/li><li>Vidnost po mestu\/regiji<\/li><li>Neposredna primerjava s konkurenti<\/li><li>Zgodovina uvrstitev skozi \u010das<\/li><\/ul><p>Takoj lahko vidite, katera spletna mesta dosegajo rezultate \u2013 in katera ne.<\/p><h2><strong>Zakaj je preverjanje uvrstitve klju\u010dnega pomena?<\/strong><\/h2><p>Ve\u010d kot 70 % klikov prihaja iz prvih treh rezultatov. \u010ce tam manjka klju\u010dna beseda, manjka tudi promet.<\/p><ul style=\"list-style-position: inside; padding: 0; margin: 20px 0; text-align: center;\"><li>Klju\u010dne besede brez vidnosti<\/li><li>Klju\u010dne besede tik pred 1. stranjo<\/li><li>Strani z najvi\u0161jo uspe\u0161nostjo<\/li><li>Prilo\u017enosti za hitro napredovanje<\/li><li>Pomembne regionalne razlike<\/li><\/ul><h2><strong>Kako deluje preverjanje pozicije v Googlu?<\/strong><\/h2><p>Preprosto <strong>Klju\u010dna beseda in domena<\/strong> Vnesite koordinate. Orodje bo prikazalo natan\u010den polo\u017eaj \u2013 vklju\u010dno z GEO referenco.<\/p><ul style=\"list-style-position: inside; padding: 0; margin: 20px 0; text-align: center;\"><li>\u201e&quot;Klju\u010davni\u010dar M\u00fcnchen&quot; \u2192 Polo\u017eaj 4<\/li><li>\u201e&quot;\u010ci\u0161\u010denje cevi Berlin&quot; \u2192 Polo\u017eaj 12<\/li><li>\u201eSEO agencija N\u00fcrnberg\u201c \u2192 Pozicija 2<\/li><\/ul><h2><strong>Prednosti na\u0161ega preverjanja pozicij v Googlu<\/strong><\/h2><ul style=\"list-style-position: inside; padding: 0; margin: 20px 0; text-align: center;\"><li>Takoj\u0161nji rezultati<\/li><li>Natan\u010dno prepoznavanje GEO<\/li><li>Konkuren\u010dna analiza<\/li><li>Brezpla\u010dna uporaba<\/li><li>Jasna priporo\u010dila za ukrepanje<\/li><\/ul><h2><strong>Kako izbolj\u0161ate svoje uvrstitve?<\/strong><\/h2><ul style=\"list-style-position: inside; padding: 0; margin: 20px 0; text-align: center;\"><li>\u010cisto strukturirajte skupine klju\u010dnih besed<\/li><li>Posodobi vsebino<\/li><li>Optimizirajte tehnologijo (hitrost, klju\u010dni spletni podatki)<\/li><li>Gradnja povratnih povezav<\/li><li>Okrepite notranje povezovanje<\/li><li>Nastavitev lokalnih signalov (NAP, GEO)<\/li><\/ul><h2><strong>GEO-SEO: Zakaj lokacija spremeni vse<\/strong><\/h2><p>Google ponuja popolnoma razli\u010dne rezultate, odvisno od lokacije.<\/p><ul style=\"list-style-position: inside; padding: 0; margin: 20px 0; text-align: center;\"><li>SEO Stuttgart<\/li><li>SEO M\u00fcnchen<\/li><li>SEO K\u00f6ln<\/li><li>SEO Berlin<\/li><\/ul><h2><strong>Zaklju\u010dek<\/strong><\/h2><p>Google Position Check zagotavlja jasne podatke \u2013 natan\u010dne, lokalne, takoj\u0161nje.<\/p><p><strong>Za\u017eenite orodje. Preverite polo\u017eaj. Izvedite ustrezne ukrepe.<\/strong><\/p><\/div>\t\t\t\t\t\t\t\t<\/div>\n\t\t\t\t\t<\/div>\n\t\t\t\t<\/div>\n\t\t\t\t<\/div>","protected":false},"excerpt":{"rendered":"<p>Google Position Check \u2013 In 3 Schritten kostenlos testen | LinkITUp Jetzt Google Position pr\u00fcfen:E-Mail eingeben, Keyword senden \u2013 und Ihr aktuelles Google-Ranking erscheint sofort. Schlechter als Position 10?\u00a0 Wir helfen weiter! Jetzt kostenlosen Termin buchen E-Mail eingeben, Keyword senden \u2013 und Ihr aktuelles Google-Ranking erscheint sofort. Google Position Check \u2013 Keyword-Rankings pr\u00e4zise pr\u00fcfen Wer [&hellip;]<\/p>\n","protected":false},"author":1,"featured_media":0,"parent":0,"menu_order":0,"comment_status":"closed","ping_status":"closed","template":"","meta":{"footnotes":""},"class_list":["post-566","page","type-page","status-publish","hentry"],"_links":{"self":[{"href":"https:\/\/seobuchen.com\/sl\/wp-json\/wp\/v2\/pages\/566","targetHints":{"allow":["GET"]}}],"collection":[{"href":"https:\/\/seobuchen.com\/sl\/wp-json\/wp\/v2\/pages"}],"about":[{"href":"https:\/\/seobuchen.com\/sl\/wp-json\/wp\/v2\/types\/page"}],"author":[{"embeddable":true,"href":"https:\/\/seobuchen.com\/sl\/wp-json\/wp\/v2\/users\/1"}],"replies":[{"embeddable":true,"href":"https:\/\/seobuchen.com\/sl\/wp-json\/wp\/v2\/comments?post=566"}],"version-history":[{"count":0,"href":"https:\/\/seobuchen.com\/sl\/wp-json\/wp\/v2\/pages\/566\/revisions"}],"wp:attachment":[{"href":"https:\/\/seobuchen.com\/sl\/wp-json\/wp\/v2\/media?parent=566"}],"curies":[{"name":"delovni list","href":"https:\/\/api.w.org\/{rel}","templated":true}]}}