{"id":6057,"date":"2024-04-26T11:58:56","date_gmt":"2024-04-26T11:58:56","guid":{"rendered":"http:\/\/linkitup.pro\/?page_id=3"},"modified":"2025-12-23T23:42:40","modified_gmt":"2025-12-23T22:42:40","slug":"varstvo-podatkov","status":"publish","type":"page","link":"https:\/\/seobuchen.com\/sl\/varstvo-podatkov\/","title":{"rendered":"Pravilnik o zasebnosti"},"content":{"rendered":"<style>.elementor-6057 .elementor-element.elementor-element-e4b9b68{--display:flex;--flex-direction:column;--container-widget-width:100%;--container-widget-height:initial;--container-widget-flex-grow:0;--container-widget-align-self:initial;--flex-wrap-mobile:wrap;}.elementor-6057 .elementor-element.elementor-element-04f0e6b{--display:flex;--min-height:300px;--justify-content:center;--align-items:center;--container-widget-width:calc( ( 1 - var( --container-widget-flex-grow ) ) * 100% );--overlay-opacity:0.61;--border-radius:25px 25px 25px 25px;}.elementor-6057 .elementor-element.elementor-element-04f0e6b:not(.elementor-motion-effects-element-type-background), .elementor-6057 .elementor-element.elementor-element-04f0e6b > .elementor-motion-effects-container > .elementor-motion-effects-layer{background-image:url(\"https:\/\/seobuchen.com\/wp-content\/uploads\/2025\/12\/pawel-czerwinski-DFdR4N_Ll48-unsplash-1.jpg\");background-repeat:no-repeat;background-size:cover;}.elementor-6057 .elementor-element.elementor-element-04f0e6b::before, .elementor-6057 .elementor-element.elementor-element-04f0e6b > .elementor-background-video-container::before, .elementor-6057 .elementor-element.elementor-element-04f0e6b > .e-con-inner > .elementor-background-video-container::before, .elementor-6057 .elementor-element.elementor-element-04f0e6b > .elementor-background-slideshow::before, .elementor-6057 .elementor-element.elementor-element-04f0e6b > .e-con-inner > .elementor-background-slideshow::before, .elementor-6057 .elementor-element.elementor-element-04f0e6b > .elementor-motion-effects-container > .elementor-motion-effects-layer::before{--background-overlay:'';background-color:var( --e-global-color-1e38924 );}.elementor-6057 .elementor-element.elementor-element-8c6fc2d{text-align:center;}.elementor-6057 .elementor-element.elementor-element-8c6fc2d .elementor-heading-title{font-family:\"Urbanist\", Sans-serif;font-size:90px;font-weight:700;text-transform:uppercase;letter-spacing:-0.3px;-webkit-text-stroke-color:#000;stroke:#000;text-shadow:0px 2px 1px rgba(0,0,0,0.3);}.elementor-6057 .elementor-element.elementor-element-408c363d{--display:flex;}.elementor-6057 .elementor-element.elementor-element-8a20503{text-align:center;text-transform:none;}@media(max-width:767px){.elementor-6057 .elementor-element.elementor-element-e4b9b68{--margin-top:0px;--margin-bottom:60px;--margin-left:0px;--margin-right:0px;}.elementor-6057 .elementor-element.elementor-element-8c6fc2d .elementor-heading-title{font-size:30px;line-height:1em;}}\/* Start custom CSS for text-editor, class: .elementor-element-8a20503 *\/.center-list {\n  list-style: none;\n  padding-left: 0;\n}\n\n.center-list li {\n  display: flex;\n  justify-content: center;\n  align-items: center;\n  gap: .5em;\n}\n\n.center-list li::before {\n  content: \"\u2022\";\n}\/* End custom CSS *\/<\/style>\t\t<div data-elementor-type=\"wp-page\" data-elementor-id=\"6057\" class=\"elementor elementor-6057\" data-elementor-post-type=\"page\">\n\t\t\t\t<div class=\"elementor-element elementor-element-e4b9b68 e-flex e-con-boxed e-con e-parent\" data-id=\"e4b9b68\" data-element_type=\"container\" data-e-type=\"container\">\n\t\t\t\t\t<div class=\"e-con-inner\">\n\t\t<div class=\"elementor-element elementor-element-04f0e6b e-con-full e-flex e-con e-child\" data-id=\"04f0e6b\" data-element_type=\"container\" data-e-type=\"container\" data-settings=\"{&quot;background_background&quot;:&quot;classic&quot;}\">\n\t\t\t\t<div class=\"elementor-element elementor-element-8c6fc2d elementor-widget elementor-widget-heading\" data-id=\"8c6fc2d\" data-element_type=\"widget\" data-e-type=\"widget\" data-widget_type=\"heading.default\">\n\t\t\t\t\t<h1 class=\"elementor-heading-title elementor-size-default\">Pravilnik o zasebnosti<\/h1>\t\t\t\t<\/div>\n\t\t\t\t<\/div>\n\t\t\t\t\t<\/div>\n\t\t\t\t<\/div>\n\t\t<div class=\"elementor-element elementor-element-408c363d e-flex e-con-boxed e-con e-parent\" data-id=\"408c363d\" data-element_type=\"container\" data-e-type=\"container\">\n\t\t\t\t\t<div class=\"e-con-inner\">\n\t\t\t\t<div class=\"elementor-element elementor-element-8a20503 elementor-widget elementor-widget-text-editor\" data-id=\"8a20503\" data-element_type=\"widget\" data-e-type=\"widget\" data-widget_type=\"text-editor.default\">\n\t\t\t\t\t\t\t\t\t<p style=\"text-align:center\">\n  <strong>1. Odgovorna oseba<\/strong><br>\n  LinkITUp LLC<br>\n  1621 Central Ave<br>\n  Cheyenne, Wyoming 82001<br>\n  ZDA\n<\/p>\n\n<p style=\"text-align:center\">\n  E-po\u0161ta: <strong><a href=\"mailto:info@linkitup.pro\">info@linkitup.pro<\/a><\/strong><br>\n  Telefon: <strong>+49 6301 3853134<\/strong>\n<\/p>\n\n<h3>2. Splo\u0161ne informacije o obdelavi podatkov<\/h3>\n<p>Osebne podatke obdelujemo izklju\u010dno v skladu z GDPR, BDSG in drugimi relevantnimi predpisi o varstvu podatkov.<\/p>\n<p>Delovanje te spletne strani in shranjevanje vseh osebnih podatkov se izvaja <strong>na stre\u017enikih znotraj Evropske unije<\/strong>.<\/p>\n\n<h3>3. Zbiranje osebnih podatkov ob obisku spletnega mesta<\/h3>\n<p>Ko dostopate do te spletne strani, se samodejno obdelujejo naslednji podatki:<\/p>\n\n<ul class=\"center-list\">\n  <li>IP-naslov<\/li>\n  <li>Datum in ura dostopa<\/li>\n  <li>dostopana datoteka \/ URL<\/li>\n  <li>URL napotitelja<\/li>\n  <li>Vrsta in razli\u010dica brskalnika<\/li>\n  <li>operacijski sistem<\/li>\n  <li>Ime ponudnika dostopa<\/li>\n<\/ul>\n\n<p><strong>Nameni obdelave<\/strong><\/p>\n\n<ul class=\"center-list\">\n  <li>Zagotavljanje spletnega mesta<\/li>\n  <li>Varnost in stabilnost<\/li>\n  <li>Analiza napak in optimizacija<\/li>\n<\/ul>\n\n<p><strong>Pravna podlaga:<\/strong> \u010clen 6, odstavek 1, to\u010dka f GDPR (zakonit interes).<\/p>\n\n<h3>4. Kontaktni obrazec<\/h3>\n<p>Ko uporabite kontaktni obrazec, shranimo podatke, ki jih posredujete, da lahko obdelamo va\u0161o zahtevo.<\/p>\n<p>\n  <strong>Obvezne informacije:<\/strong> E-po\u0161tni naslov<br>\n  <strong>Neobvezne informacije:<\/strong> Ime, telefonska \u0161tevilka, sporo\u010dilo\n<\/p>\n\n<p><strong>Pravna podlaga:<\/strong><\/p>\n<ul class=\"center-list\">\n  <li>\u010clen 6, odstavek 1, to\u010dka a GDPR (soglasje)<\/li>\n  <li>\u010clen 6, odstavek 1, to\u010dka b GDPR (predpogodbeni ukrepi)<\/li>\n<\/ul>\n\n<h3>5. Prenos podatkov o ra\u010dunih v ZDA<\/h3>\n<p>Za namene izstavljanja ra\u010dunov se posredujejo samo podatki o ra\u010dunih strank:<\/p>\n\n<ul class=\"center-list\">\n  <li>Ime ali podjetje<\/li>\n  <li>Naslov za izstavitev ra\u010duna<\/li>\n  <li>E-po\u0161tni naslov za dostavo ra\u010dunov<\/li>\n  <li>Komercialno pomembni komunikacijski podatki<\/li>\n<\/ul>\n\n<p>\n  <strong>Namen:<\/strong> Obdelava pogodb in ra\u010dunov<br>\n  <strong>Pravna podlaga:<\/strong> \u010clen 6, odstavek 1, to\u010dka b GDPR\n<\/p>\n\n<p>\n  <strong>Zavarovanje prenosa:<\/strong><br>\n  Standardne pogodbene klavzule (SPC) v skladu s 46. \u010dlenom GDPR\n<\/p>\n\n<p><strong>V ZDA se ne prena\u0161ajo nobeni podatki o spletnih straneh ali podatki o sledenju.<\/strong><\/p>\n\n<h3>6. Deljenje podatkov<\/h3>\n<p>Podatki bodo deljeni le, \u010de:<\/p>\n\n<ul class=\"center-list\">\n  <li>soglasje je bilo pridobljeno<\/li>\n  <li>je potrebno za izpolnitev pogodbe<\/li>\n  <li>obstaja zakonska obveznost<\/li>\n  <li>obstaja legitimni interes<\/li>\n<\/ul>\n\t\t\t\t\t\t\t\t<\/div>\n\t\t\t\t\t<\/div>\n\t\t\t\t<\/div>\n\t\t\t\t<\/div>","protected":false},"excerpt":{"rendered":"<p>1. Verantwortlicher LinkITUp LLC 1621 Central Ave Cheyenne, WY 82001 USA E-Mail: info@linkitup.pro Telefon: +49 6301 3853134 2. Allgemeine Hinweise zur Datenverarbeitung Wir verarbeiten personenbezogene Daten ausschlie\u00dflich gem\u00e4\u00df DSGVO, BDSG und weiteren einschl\u00e4gigen Datenschutzvorschriften. Der Betrieb dieser Website sowie die Speicherung aller personenbezogenen Daten erfolgen auf Servern innerhalb der Europ\u00e4ischen Union. 3. Erhebung personenbezogener Daten [&hellip;]<\/p>\n","protected":false},"author":1,"featured_media":0,"parent":0,"menu_order":0,"comment_status":"closed","ping_status":"closed","template":"","meta":{"footnotes":""},"class_list":["post-6057","page","type-page","status-publish","hentry"],"_links":{"self":[{"href":"https:\/\/seobuchen.com\/sl\/wp-json\/wp\/v2\/pages\/6057","targetHints":{"allow":["GET"]}}],"collection":[{"href":"https:\/\/seobuchen.com\/sl\/wp-json\/wp\/v2\/pages"}],"about":[{"href":"https:\/\/seobuchen.com\/sl\/wp-json\/wp\/v2\/types\/page"}],"author":[{"embeddable":true,"href":"https:\/\/seobuchen.com\/sl\/wp-json\/wp\/v2\/users\/1"}],"replies":[{"embeddable":true,"href":"https:\/\/seobuchen.com\/sl\/wp-json\/wp\/v2\/comments?post=6057"}],"version-history":[{"count":0,"href":"https:\/\/seobuchen.com\/sl\/wp-json\/wp\/v2\/pages\/6057\/revisions"}],"wp:attachment":[{"href":"https:\/\/seobuchen.com\/sl\/wp-json\/wp\/v2\/media?parent=6057"}],"curies":[{"name":"delovni list","href":"https:\/\/api.w.org\/{rel}","templated":true}]}}