{"id":6059,"date":"2024-04-26T20:17:05","date_gmt":"2024-04-26T20:17:05","guid":{"rendered":"https:\/\/linkitup.pro\/?page_id=268"},"modified":"2026-04-09T11:36:30","modified_gmt":"2026-04-09T09:36:30","slug":"odtis","status":"publish","type":"page","link":"https:\/\/seobuchen.com\/sl\/odtis\/","title":{"rendered":"odtis"},"content":{"rendered":"<style>.elementor-6059 .elementor-element.elementor-element-103838f{--display:flex;--flex-direction:column;--container-widget-width:100%;--container-widget-height:initial;--container-widget-flex-grow:0;--container-widget-align-self:initial;--flex-wrap-mobile:wrap;}.elementor-6059 .elementor-element.elementor-element-f4e1a4f{--display:flex;--min-height:300px;--justify-content:center;--align-items:center;--container-widget-width:calc( ( 1 - var( --container-widget-flex-grow ) ) * 100% );--overlay-opacity:0.61;--border-radius:25px 25px 25px 25px;}.elementor-6059 .elementor-element.elementor-element-f4e1a4f:not(.elementor-motion-effects-element-type-background), .elementor-6059 .elementor-element.elementor-element-f4e1a4f > .elementor-motion-effects-container > .elementor-motion-effects-layer{background-image:url(\"https:\/\/seobuchen.com\/wp-content\/uploads\/2025\/12\/pawel-czerwinski-DFdR4N_Ll48-unsplash-1.jpg\");background-repeat:no-repeat;background-size:cover;}.elementor-6059 .elementor-element.elementor-element-f4e1a4f::before, .elementor-6059 .elementor-element.elementor-element-f4e1a4f > .elementor-background-video-container::before, .elementor-6059 .elementor-element.elementor-element-f4e1a4f > .e-con-inner > .elementor-background-video-container::before, .elementor-6059 .elementor-element.elementor-element-f4e1a4f > .elementor-background-slideshow::before, .elementor-6059 .elementor-element.elementor-element-f4e1a4f > .e-con-inner > .elementor-background-slideshow::before, .elementor-6059 .elementor-element.elementor-element-f4e1a4f > .elementor-motion-effects-container > .elementor-motion-effects-layer::before{--background-overlay:'';background-color:var( --e-global-color-1e38924 );}.elementor-6059 .elementor-element.elementor-element-b3d5f0a{text-align:center;}.elementor-6059 .elementor-element.elementor-element-b3d5f0a .elementor-heading-title{font-family:\"Urbanist\", Sans-serif;font-size:90px;font-weight:700;text-transform:uppercase;letter-spacing:-0.3px;-webkit-text-stroke-color:#000;stroke:#000;text-shadow:0px 2px 1px rgba(0,0,0,0.3);}.elementor-6059 .elementor-element.elementor-element-3c977688{--display:flex;}.elementor-6059 .elementor-element.elementor-element-7286ef85{text-align:center;}@media(max-width:767px){.elementor-6059 .elementor-element.elementor-element-103838f{--margin-top:0px;--margin-bottom:60px;--margin-left:0px;--margin-right:0px;}.elementor-6059 .elementor-element.elementor-element-b3d5f0a .elementor-heading-title{font-size:30px;line-height:1em;}}<\/style>\t\t<div data-elementor-type=\"wp-page\" data-elementor-id=\"6059\" class=\"elementor elementor-6059\" data-elementor-post-type=\"page\">\n\t\t\t\t<div class=\"elementor-element elementor-element-103838f e-flex e-con-boxed e-con e-parent\" data-id=\"103838f\" data-element_type=\"container\" data-e-type=\"container\">\n\t\t\t\t\t<div class=\"e-con-inner\">\n\t\t<div class=\"elementor-element elementor-element-f4e1a4f e-con-full e-flex e-con e-child\" data-id=\"f4e1a4f\" data-element_type=\"container\" data-e-type=\"container\" data-settings=\"{&quot;background_background&quot;:&quot;classic&quot;}\">\n\t\t\t\t<div class=\"elementor-element elementor-element-b3d5f0a elementor-widget elementor-widget-heading\" data-id=\"b3d5f0a\" data-element_type=\"widget\" data-e-type=\"widget\" data-widget_type=\"heading.default\">\n\t\t\t\t\t<h1 class=\"elementor-heading-title elementor-size-default\">odtis<\/h1>\t\t\t\t<\/div>\n\t\t\t\t<\/div>\n\t\t\t\t\t<\/div>\n\t\t\t\t<\/div>\n\t\t<div class=\"elementor-element elementor-element-3c977688 e-flex e-con-boxed e-con e-parent\" data-id=\"3c977688\" data-element_type=\"container\" data-e-type=\"container\">\n\t\t\t\t\t<div class=\"e-con-inner\">\n\t\t\t\t<div class=\"elementor-element elementor-element-7286ef85 elementor-widget elementor-widget-text-editor\" data-id=\"7286ef85\" data-element_type=\"widget\" data-e-type=\"widget\" data-widget_type=\"text-editor.default\">\n\t\t\t\t\t\t\t\t\t<p data-start=\"294\" data-end=\"358\"><strong data-start=\"294\" data-end=\"310\">LinkITUp LLC<\/strong><br data-start=\"310\" data-end=\"313\" \/>1621 Central Ave<br data-start=\"329\" data-end=\"332\" \/>Cheyenne, Wyoming 82001<br data-start=\"350\" data-end=\"353\" \/>ZDA<\/p><p data-start=\"360\" data-end=\"423\"><strong data-start=\"360\" data-end=\"372\">Telefon:<\/strong> +49 6301 3853134<br data-start=\"389\" data-end=\"392\" \/><strong data-start=\"392\" data-end=\"403\">E-po\u0161ta:<\/strong> <a class=\"decorated-link cursor-pointer\" rel=\"noopener\" data-start=\"404\" data-end=\"421\">info@linkitup.pro<\/a><\/p><p data-start=\"425\" data-end=\"485\"><strong data-start=\"425\" data-end=\"469\">Podru\u017enica podjetja:<\/strong><br data-start=\"469\" data-end=\"472\" \/>Knobelsdorffstr. 40, 14059 Berlin<\/p><p data-start=\"487\" data-end=\"576\"><strong data-start=\"487\" data-end=\"502\">Pravna oblika:<\/strong><br data-start=\"502\" data-end=\"505\" \/>Dru\u017eba z omejeno odgovornostjo (LLC), registrirana v ameri\u0161ki zvezni dr\u017eavi Wyoming.<\/p><p data-start=\"578\" data-end=\"690\"><strong data-start=\"578\" data-end=\"604\">Dav\u010dna identifikacijska \u0161tevilka ZDA (EIN):<\/strong> 30-1455146<br data-start=\"615\" data-end=\"618\" \/><em data-start=\"618\" data-end=\"690\">(Opomba: To ni nem\u0161ka identifikacijska \u0161tevilka za DDV.)<\/em><\/p><h3 data-start=\"697\" data-end=\"712\"><strong data-start=\"701\" data-end=\"712\">Gostovanje<\/strong><\/h3><p data-start=\"713\" data-end=\"786\">To spletno mesto gostuje na stre\u017enikih naslednjega ponudnika gostovanja:<\/p><p data-start=\"788\" data-end=\"873\"><strong data-start=\"788\" data-end=\"820\">Hostinger International Ltd.<\/strong><br data-start=\"820\" data-end=\"823\" \/>Ulica Lordou Vironos 61<br data-start=\"847\" data-end=\"850\" \/>6023 Larnaka<br data-start=\"862\" data-end=\"865\" \/>Ciper<\/p><p data-start=\"875\" data-end=\"926\"><em data-start=\"875\" data-end=\"926\">(Lokacija stre\u017enika znotraj Evropske unije)<\/em><\/p><h3 data-start=\"933\" data-end=\"966\"><strong data-start=\"937\" data-end=\"966\">Informacije, specifi\u010dne za delovno mesto<\/strong><\/h3><p data-start=\"967\" data-end=\"1226\">LinkITUp LLC ponuja storitve spletnega razvoja, spletnega tr\u017eenja, optimizacije za iskalnike, razvoja programske opreme in digitalnega svetovanja. Sestavljen je iz <strong data-start=\"1135\" data-end=\"1174\">ni zahteve po uradni odobritvi<\/strong> in <strong data-start=\"1179\" data-end=\"1226\">brez \u010dlanstva v poklicni zbornici.<\/strong><\/p><h3 data-start=\"1233\" data-end=\"1259\"><strong data-start=\"1237\" data-end=\"1259\">Izjava o omejitvi odgovornosti<\/strong><\/h3><p data-start=\"1260\" data-end=\"1615\"><strong data-start=\"1260\" data-end=\"1283\">Odgovornost za vsebino<\/strong><br data-start=\"1283\" data-end=\"1286\" \/>Vsa vsebina na tej spletni strani je bila skrbno sestavljena. Vendar ne jam\u010dimo za njeno popolnost, to\u010dnost ali a\u017eurnost. V skladu s 1. odstavkom 7. \u010dlena nem\u0161kega zakona o telemedijih (TMG) smo odgovorni za lastno vsebino. Vendar pa v skladu z 8.\u201310. \u010dlenom TMG nismo dol\u017eni nadzorovati posredovanih ali shranjenih informacij tretjih oseb.<\/p><p data-start=\"1617\" data-end=\"1851\"><strong data-start=\"1617\" data-end=\"1638\">Odgovornost za povezave<\/strong><br data-start=\"1638\" data-end=\"1641\" \/>Zunanje povezave se preverijo ob vzpostavitvi povezave. Za vsebino povezanih spletnih mest so odgovorni izklju\u010dno upravljavci teh spletnih mest. Stalno spremljanje brez posebnega razloga ni izvedljivo.<\/p><h3 data-start=\"1858\" data-end=\"1878\"><strong data-start=\"1862\" data-end=\"1878\">avtorske pravice<\/strong><\/h3><p data-start=\"1879\" data-end=\"2131\">Vsa vsebina, objavljena na tej spletni strani (besedila, slike, mediji, izvorna koda, postavitev, logotipi), je za\u0161\u010ditena z avtorskimi pravicami. Vsaka uporaba, reprodukcija ali distribucija, ki presega zakonsko dovoljene izjeme, zahteva pisno soglasje.<\/p><p><!-- \/wp:paragraph --><\/p>\t\t\t\t\t\t\t\t<\/div>\n\t\t\t\t\t<\/div>\n\t\t\t\t<\/div>\n\t\t\t\t<\/div>","protected":false},"excerpt":{"rendered":"<p>LinkITUp LLC1621 Central AveCheyenne, WY 82001USA Telefon: +49 6301 3853134E-Mail: info@linkitup.pro Unternehmenszweigstelle:Knobelsdorffstr. 40, 14059 Berlin Rechtsform:Limited Liability Company (LLC), registriert im US-Bundesstaat Wyoming. US-Steuernummer (EIN): 30-1455146(Hinweis: Dies ist keine deutsche Umsatzsteuer-Identifikationsnummer.) Hosting Diese Website wird betrieben auf Servern des folgenden Hosting-Anbieters: Hostinger International Ltd.61 Lordou Vironos Street6023 LarnacaZypern (Serverstandort innerhalb der Europ\u00e4ischen Union) Berufsspezifische Angaben [&hellip;]<\/p>\n","protected":false},"author":1,"featured_media":0,"parent":0,"menu_order":0,"comment_status":"closed","ping_status":"closed","template":"","meta":{"footnotes":""},"class_list":["post-6059","page","type-page","status-publish","hentry"],"_links":{"self":[{"href":"https:\/\/seobuchen.com\/sl\/wp-json\/wp\/v2\/pages\/6059","targetHints":{"allow":["GET"]}}],"collection":[{"href":"https:\/\/seobuchen.com\/sl\/wp-json\/wp\/v2\/pages"}],"about":[{"href":"https:\/\/seobuchen.com\/sl\/wp-json\/wp\/v2\/types\/page"}],"author":[{"embeddable":true,"href":"https:\/\/seobuchen.com\/sl\/wp-json\/wp\/v2\/users\/1"}],"replies":[{"embeddable":true,"href":"https:\/\/seobuchen.com\/sl\/wp-json\/wp\/v2\/comments?post=6059"}],"version-history":[{"count":6,"href":"https:\/\/seobuchen.com\/sl\/wp-json\/wp\/v2\/pages\/6059\/revisions"}],"predecessor-version":[{"id":7094,"href":"https:\/\/seobuchen.com\/sl\/wp-json\/wp\/v2\/pages\/6059\/revisions\/7094"}],"wp:attachment":[{"href":"https:\/\/seobuchen.com\/sl\/wp-json\/wp\/v2\/media?parent=6059"}],"curies":[{"name":"delovni list","href":"https:\/\/api.w.org\/{rel}","templated":true}]}}