{"id":6060,"date":"2024-04-26T20:30:29","date_gmt":"2024-04-26T20:30:29","guid":{"rendered":"https:\/\/linkitup.pro\/?page_id=279"},"modified":"2024-04-26T20:30:29","modified_gmt":"2024-04-26T20:30:29","slug":"o-nas","status":"publish","type":"page","link":"https:\/\/seobuchen.com\/sl\/o-nas\/","title":{"rendered":"O nas"},"content":{"rendered":"<style>.elementor-6060 .elementor-element.elementor-element-fb6f664{--display:flex;}.elementor-6060 .elementor-element.elementor-element-23c0bb0{--spacer-size:50px;}.elementor-6060 .elementor-element.elementor-element-0220b25{text-align:center;}.elementor-6060 .elementor-element.elementor-element-0220b25 .elementor-heading-title{font-family:\"Rubik\", Sans-serif;font-weight:600;}<\/style>\t\t<div data-elementor-type=\"wp-page\" data-elementor-id=\"6060\" class=\"elementor elementor-6060\" data-elementor-post-type=\"page\">\n\t\t\t\t<div class=\"elementor-element elementor-element-fb6f664 e-flex e-con-boxed e-con e-parent\" data-id=\"fb6f664\" data-element_type=\"container\" data-e-type=\"container\">\n\t\t\t\t\t<div class=\"e-con-inner\">\n\t\t\t\t<div class=\"elementor-element elementor-element-25d51b2 elementor-widget elementor-widget-text-editor\" data-id=\"25d51b2\" data-element_type=\"widget\" data-e-type=\"widget\" data-widget_type=\"text-editor.default\">\n\t\t\t\t\t\t\t\t\t<p>LinkITUp je va\u0161a agencija za visoko u\u010dinkovito SEO optimizacijo in digitalne strategije \u2013 za podjetja v vseh panogah. Na\u0161 cilj: Z prilagojenimi SEO re\u0161itvami na\u0161e stranke pripeljemo na vrh rezultatov iskanja Google in zagotovimo, da tam tudi ostanejo. Ne glede na to, ali gre za e-trgovino, storitve, lokalna podjetja ali specializirane ni\u0161e \u2013 razvijamo strategije, ki so natan\u010dno prilagojene va\u0161i panogi.<\/p><p>S podatkovno vodenim pristopom in sodobnimi orodji zagotavljamo dolgoro\u010dno rast va\u0161ega spletnega mesta. LinkITUp pokriva vse vidike SEO strategije, od raziskovanja klju\u010dnih besed in tehni\u010dne optimizacije do u\u010dinkovitega na\u010drtovanja vsebin.<\/p><p><strong>Na\u0161e vrednote<\/strong><\/p><p>LinkITUp pomeni preglednost, sodelovanje in merljive rezultate. Trdno verjamemo, da je dolgoro\u010dni uspeh v SEO mogo\u010de dose\u010di le z odprto komunikacijo in nenehno optimizacijo. Na\u0161a ekipa je zavezana k zagotavljanju, da vsak ukrep ustvari oprijemljivo dodano vrednost in trajnostno okrepi va\u0161o spletno prisotnost.<\/p><p><strong>Kaj nas dela posebne<\/strong><\/p><p>Na\u0161e stranke ne koristijo le na\u0161ega tehni\u010dnega znanja, temve\u010d tudi na\u0161e prilagodljivosti pri ponujanju re\u0161itev za vse vrste in velikosti podjetij. LinkITUp zdru\u017euje razumevanje trga, sodobne tehnologije in prilagojene strategije \u2013 za rezultate, ki \u0161tejejo.<\/p><p>Odkrijte, kaj lahko LinkITUp stori za vas in va\u0161o spletno prisotnost!<\/p>\t\t\t\t\t\t\t\t<\/div>\n\t\t\t\t<div class=\"elementor-element elementor-element-23c0bb0 elementor-widget elementor-widget-spacer\" data-id=\"23c0bb0\" data-element_type=\"widget\" data-e-type=\"widget\" data-widget_type=\"spacer.default\">\n\t\t\t\t\t\t\t<div class=\"elementor-spacer\">\n\t\t\t<div class=\"elementor-spacer-inner\"><\/div>\n\t\t<\/div>\n\t\t\t\t\t\t<\/div>\n\t\t\t\t<div class=\"elementor-element elementor-element-0220b25 elementor-widget elementor-widget-heading\" data-id=\"0220b25\" data-element_type=\"widget\" data-e-type=\"widget\" data-widget_type=\"heading.default\">\n\t\t\t\t\t<h2 class=\"elementor-heading-title elementor-size-default\">Na\u0161e stranke<\/h2>\t\t\t\t<\/div>\n\t\t\t\t\t<\/div>\n\t\t\t\t<\/div>\n\t\t\t\t<\/div>","protected":false},"excerpt":{"rendered":"<p>LinkITUp ist Ihre Agentur f\u00fcr leistungsstarke SEO-Optimierung und digitale Strategien \u2013 f\u00fcr Unternehmen aus jeder Branche. Unser Ziel: Wir bringen unsere Kunden durch ma\u00dfgeschneiderte SEO-L\u00f6sungen ganz nach vorne in den Google-Suchergebnissen und sorgen daf\u00fcr, dass sie dort bleiben. Egal ob E-Commerce, Dienstleistungen, lokale Anbieter oder spezialisierte Nischen \u2013 wir entwickeln Strategien, die genau auf Ihre [&hellip;]<\/p>\n","protected":false},"author":1,"featured_media":0,"parent":0,"menu_order":0,"comment_status":"closed","ping_status":"closed","template":"","meta":{"footnotes":""},"class_list":["post-6060","page","type-page","status-publish","hentry"],"_links":{"self":[{"href":"https:\/\/seobuchen.com\/sl\/wp-json\/wp\/v2\/pages\/6060","targetHints":{"allow":["GET"]}}],"collection":[{"href":"https:\/\/seobuchen.com\/sl\/wp-json\/wp\/v2\/pages"}],"about":[{"href":"https:\/\/seobuchen.com\/sl\/wp-json\/wp\/v2\/types\/page"}],"author":[{"embeddable":true,"href":"https:\/\/seobuchen.com\/sl\/wp-json\/wp\/v2\/users\/1"}],"replies":[{"embeddable":true,"href":"https:\/\/seobuchen.com\/sl\/wp-json\/wp\/v2\/comments?post=6060"}],"version-history":[{"count":0,"href":"https:\/\/seobuchen.com\/sl\/wp-json\/wp\/v2\/pages\/6060\/revisions"}],"wp:attachment":[{"href":"https:\/\/seobuchen.com\/sl\/wp-json\/wp\/v2\/media?parent=6060"}],"curies":[{"name":"wp","href":"https:\/\/api.w.org\/{rel}","templated":true}]}}